{"id":584,"date":"2017-01-02T08:28:52","date_gmt":"2017-01-02T08:28:52","guid":{"rendered":"https:\/\/demo.themegrill.com\/flash-default-2\/?page_id=5"},"modified":"2023-01-16T09:55:07","modified_gmt":"2023-01-16T09:55:07","slug":"home","status":"publish","type":"page","link":"https:\/\/supsagres.com\/en\/","title":{"rendered":"Home"},"content":{"rendered":"<div id=\"pl-584\"  class=\"panel-layout\" ><div id=\"pg-584-0\"  class=\"panel-grid panel-has-style\" ><div class=\"siteorigin-panels-stretch panel-row-style panel-row-style-for-584-0\" data-stretch-type=\"full-stretched\" ><div id=\"pgc-584-0-0\"  class=\"panel-grid-cell\" ><div id=\"panel-584-0-0-0\" class=\"so-panel widget widget_sow-editor panel-first-child panel-last-child\" data-index=\"0\" ><div\n\t\t\t\n\t\t\tclass=\"so-widget-sow-editor so-widget-sow-editor-base\"\n\t\t\t\n\t\t>\n<div class=\"siteorigin-widget-tinymce textwidget\">\n\t\n<\/div>\n<\/div><\/div><\/div><\/div><\/div><div id=\"pg-584-1\"  class=\"panel-grid panel-has-style\" ><div class=\"siteorigin-panels-stretch panel-row-style panel-row-style-for-584-1\" data-stretch-type=\"full\" ><div id=\"pgc-584-1-0\"  class=\"panel-grid-cell\" ><div id=\"panel-584-1-0-0\" class=\"so-panel widget widget_themegrill_flash_service tg-widget tg-single-service panel-first-child panel-last-child\" data-index=\"1\" ><div class=\"aos-init panel-widget-style panel-widget-style-for-584-1-0-0\" data-aos=\"fade-up-left\" data-aos-duration=\"600\" data-aos-easing=\"linear\" data-aos-anchor-placement=\"top-bottom\" data-aos-once=\"false\" >\n<div class=\"tg-service-widget tg-service-layout-1\">\n\t<div class=\"service-wrapper\">\n\t\t<div class=\"service-icon-title-wrapper clearfix\">\n\t\t\t\t\t\t\t\t\t<figure class=\"service-image-wrap\"><img decoding=\"async\" src=\"https:\/\/supsagres.com\/wp-content\/uploads\/2020\/01\/info_eau_plate.jpg\" \/><\/figure>\n\t\t\t\t\t\t\t\t\t<h3 class=\"service-title-wrap\">\n\t\t\t\t\t\t\t\t<a href=\"\/supsagres\/sup-surf\/iniciacao-sup\/\">\n\t\t\t\tSUP beginner lessons\t\t\t\t\t\t\t\t<\/a>\n\t\t\t\t\t\t\t<\/h3>\n\t\t\t\t\t<\/div>\n\t\t\t\t<div class=\"service-content-wrap\">We offer group SUP classes in order to discover the basic techniques of stand up paddle.<\/div>\n\t\t\t\t\t\t<a class=\"service-more\" href=\"\/supsagres\/sup-surf\/iniciacao-sup\/\">+ INFOS<\/a>\n\t\t\t<\/div>\n<\/div>\n<\/div><\/div><\/div><div id=\"pgc-584-1-1\"  class=\"panel-grid-cell\" ><div id=\"panel-584-1-1-0\" class=\"so-panel widget widget_themegrill_flash_service tg-widget tg-single-service panel-first-child panel-last-child\" data-index=\"2\" ><div class=\"aos-init panel-widget-style panel-widget-style-for-584-1-1-0\" data-aos=\"slide-right\" data-aos-duration=\"600\" data-aos-easing=\"linear\" data-aos-anchor-placement=\"top-bottom\" data-aos-once=\"false\" >\n<div class=\"tg-service-widget tg-service-layout-1\">\n\t<div class=\"service-wrapper\">\n\t\t<div class=\"service-icon-title-wrapper clearfix\">\n\t\t\t\t\t\t\t\t\t<figure class=\"service-image-wrap\"><img decoding=\"async\" src=\"https:\/\/supsagres.com\/wp-content\/uploads\/2020\/01\/info_vages-.jpg\" \/><\/figure>\n\t\t\t\t\t\t\t\t\t<h3 class=\"service-title-wrap\">\n\t\t\t\t\t\t\t\t<a href=\"\/supsagres\/sup-surf\/paddle-surf-coaching\/\">\n\t\t\t\tPaddle Surf Coaching\t\t\t\t\t\t\t\t<\/a>\n\t\t\t\t\t\t\t<\/h3>\n\t\t\t\t\t<\/div>\n\t\t\t\t<div class=\"service-content-wrap\">Coaching for beginners and advanced<\/div>\n\t\t\t\t\t\t<a class=\"service-more\" href=\"\/supsagres\/sup-surf\/paddle-surf-coaching\/\">+ INFOS<\/a>\n\t\t\t<\/div>\n<\/div>\n<\/div><\/div><\/div><div id=\"pgc-584-1-2\"  class=\"panel-grid-cell\" ><div id=\"panel-584-1-2-0\" class=\"so-panel widget widget_themegrill_flash_service tg-widget tg-single-service panel-first-child panel-last-child\" data-index=\"3\" ><div class=\"aos-init panel-widget-style panel-widget-style-for-584-1-2-0\" data-aos=\"zoom-in-up\" data-aos-duration=\"600\" data-aos-easing=\"linear\" data-aos-anchor-placement=\"top-bottom\" data-aos-once=\"false\" >\n<div class=\"tg-service-widget tg-service-layout-1\">\n\t<div class=\"service-wrapper\">\n\t\t<div class=\"service-icon-title-wrapper clearfix\">\n\t\t\t\t\t\t\t\t\t<figure class=\"service-image-wrap\"><img decoding=\"async\" src=\"https:\/\/supsagres.com\/wp-content\/uploads\/2020\/01\/info_grutas.jpg\" \/><\/figure>\n\t\t\t\t\t\t\t\t\t<h3 class=\"service-title-wrap\">\n\t\t\t\t\t\t\t\t<a href=\"\/supsagres\/sup-surf\/passeio-nas-grutas\/\">\n\t\t\t\tFairy exploration\t\t\t\t\t\t\t\t<\/a>\n\t\t\t\t\t\t\t<\/h3>\n\t\t\t\t\t<\/div>\n\t\t\t\t<div class=\"service-content-wrap\">Stroll along the cliffs and fabulous grottoes. Minimum age: 12 years.<\/div>\n\t\t\t\t\t\t<a class=\"service-more\" href=\"\/supsagres\/sup-surf\/passeio-nas-grutas\/\">+ INFOS<\/a>\n\t\t\t<\/div>\n<\/div>\n<\/div><\/div><\/div><\/div><\/div><div id=\"pg-584-2\"  class=\"panel-grid panel-has-style\" ><div class=\"siteorigin-panels-stretch panel-row-style panel-row-style-for-584-2\" data-stretch-type=\"full\" ><div id=\"pgc-584-2-0\"  class=\"panel-grid-cell\" ><div id=\"panel-584-2-0-0\" class=\"so-panel widget widget_themegrill_flash_service tg-widget tg-single-service panel-first-child panel-last-child\" data-index=\"4\" ><div class=\"aos-init panel-widget-style panel-widget-style-for-584-2-0-0\" data-aos=\"flip-up\" data-aos-duration=\"600\" data-aos-easing=\"linear\" data-aos-anchor-placement=\"top-bottom\" data-aos-once=\"false\" >\n<div class=\"tg-service-widget tg-service-layout-1\">\n\t<div class=\"service-wrapper\">\n\t\t<div class=\"service-icon-title-wrapper clearfix\">\n\t\t\t\t\t\t\t\t\t<figure class=\"service-image-wrap\"><img decoding=\"async\" src=\"https:\/\/supsagres.com\/wp-content\/uploads\/2020\/01\/info_rand.jpg\" \/><\/figure>\n\t\t\t\t\t\t\t\t\t<h3 class=\"service-title-wrap\">\n\t\t\t\t\t\t\t\t<a href=\"\/supsagres\/sup-surf\/passeio-ilhas-do-martinhal\/\">\n\t\t\t\tNature hike\t\t\t\t\t\t\t\t<\/a>\n\t\t\t\t\t\t\t<\/h3>\n\t\t\t\t\t<\/div>\n\t\t\t\t<div class=\"service-content-wrap\">Discovery of the Martinhal islands\nand their surrounding crystalline waters. Minimum age: 12 years<\/div>\n\t\t\t\t\t\t<a class=\"service-more\" href=\"\/supsagres\/sup-surf\/passeio-ilhas-do-martinhal\/\">+ INFOS<\/a>\n\t\t\t<\/div>\n<\/div>\n<\/div><\/div><\/div><div id=\"pgc-584-2-1\"  class=\"panel-grid-cell\" ><div id=\"panel-584-2-1-0\" class=\"so-panel widget widget_themegrill_flash_service tg-widget tg-single-service panel-first-child panel-last-child\" data-index=\"5\" ><div class=\"aos-init panel-widget-style panel-widget-style-for-584-2-1-0\" data-aos=\"fade-down-right\" data-aos-duration=\"600\" data-aos-easing=\"linear\" data-aos-anchor-placement=\"top-bottom\" data-aos-once=\"false\" >\n<div class=\"tg-service-widget tg-service-layout-1\">\n\t<div class=\"service-wrapper\">\n\t\t<div class=\"service-icon-title-wrapper clearfix\">\n\t\t\t\t\t\t\t\t\t<figure class=\"service-image-wrap\"><img decoding=\"async\" src=\"https:\/\/supsagres.com\/wp-content\/uploads\/2020\/01\/info_sup-sup.jpg\" \/><\/figure>\n\t\t\t\t\t\t\t\t\t<h3 class=\"service-title-wrap\">\n\t\t\t\t\t\t\t\t<a href=\"\/supsagres\/sup-surf\/aluguer-sup\/\">\n\t\t\t\tSUP Rental\t\t\t\t\t\t\t\t<\/a>\n\t\t\t\t\t\t\t<\/h3>\n\t\t\t\t\t<\/div>\n\t\t\t\t<div class=\"service-content-wrap\">Hard and inflatable SUP boards rental, wetsuits and roof racks<\/div>\n\t\t\t\t\t\t<a class=\"service-more\" href=\"\/supsagres\/sup-surf\/aluguer-sup\/\">+ INFOS<\/a>\n\t\t\t<\/div>\n<\/div>\n<\/div><\/div><\/div><div id=\"pgc-584-2-2\"  class=\"panel-grid-cell\" ><div id=\"panel-584-2-2-0\" class=\"so-panel widget widget_themegrill_flash_service tg-widget tg-single-service panel-first-child panel-last-child\" data-index=\"6\" ><div class=\"aos-init panel-widget-style panel-widget-style-for-584-2-2-0\" data-aos=\"flip-right\" data-aos-duration=\"600\" data-aos-easing=\"linear\" data-aos-anchor-placement=\"top-bottom\" data-aos-once=\"false\" >\n<div class=\"tg-service-widget tg-service-layout-1\">\n\t<div class=\"service-wrapper\">\n\t\t<div class=\"service-icon-title-wrapper clearfix\">\n\t\t\t\t\t\t\t\t\t<figure class=\"service-image-wrap\"><img decoding=\"async\" src=\"https:\/\/supsagres.com\/wp-content\/uploads\/2020\/01\/info_sup-surf.jpg\" \/><\/figure>\n\t\t\t\t\t\t\t\t\t<h3 class=\"service-title-wrap\">\n\t\t\t\t\t\t\t\t<a href=\"\/supsagres\/sup-surf\/aluguer-surf\/\">\n\t\t\t\tSurf Rental\t\t\t\t\t\t\t\t<\/a>\n\t\t\t\t\t\t\t<\/h3>\n\t\t\t\t\t<\/div>\n\t\t\t\t<div class=\"service-content-wrap\">Surf boards, wetsuits and roof racks rental<\/div>\n\t\t\t\t\t\t<a class=\"service-more\" href=\"\/supsagres\/sup-surf\/aluguer-surf\/\">+ INFOS<\/a>\n\t\t\t<\/div>\n<\/div>\n<\/div><\/div><\/div><\/div><\/div><div id=\"pg-584-3\"  class=\"panel-grid panel-has-style\" ><div class=\"siteorigin-panels-stretch panel-row-style panel-row-style-for-584-3\" data-stretch-type=\"full\" ><div id=\"pgc-584-3-0\"  class=\"panel-grid-cell\" ><div id=\"panel-584-3-0-0\" class=\"so-panel widget widget_themegrill_flash_heading tg-widget section-title-wrapper panel-first-child\" data-index=\"7\" ><div class=\"aos-init panel-widget-style panel-widget-style-for-584-3-0-0\" data-aos=\"slide-left\" data-aos-duration=\"600\" data-aos-easing=\"linear\" data-aos-anchor-placement=\"top-bottom\" data-aos-once=\"false\" >\t<h3 class=\"section-title\">STAY WITH US<\/h3>\n<\/div><\/div><div id=\"panel-584-3-0-1\" class=\"so-panel widget widget_sow-image-grid panel-last-child\" data-index=\"8\" ><div class=\"panel-widget-style panel-widget-style-for-584-3-0-1\" ><div\n\t\t\t\n\t\t\tclass=\"so-widget-sow-image-grid so-widget-sow-image-grid-default-ee688d0dd69b-584\"\n\t\t\t\n\t\t>\t<div\n\t\tclass=\"sow-image-grid-wrapper\"\n\t\tdata-max-width=\"500\"\t\tdata-max-height=\"750\"\t>\n\t\t\t\t\t<div class=\"sow-image-grid-image\">\n\t\t\t\t\t\t\t\t\t\t\t\t\t<a href=\"https:\/\/supsagres.com\/portfolio\/zen\/\"\n\t\t\t\t\t>\n\t\t\t\t\t\t\t\t<img loading=\"lazy\" decoding=\"async\" width=\"750\" height=\"500\" src=\"https:\/\/supsagres.com\/wp-content\/uploads\/2020\/02\/Z1-768x512.jpg\" class=\"sow-image-grid-image_html\" alt=\"\" title=\"ZEN\" srcset=\"https:\/\/supsagres.com\/wp-content\/uploads\/2020\/02\/Z1-768x512.jpg 768w, https:\/\/supsagres.com\/wp-content\/uploads\/2020\/02\/Z1-300x200.jpg 300w, https:\/\/supsagres.com\/wp-content\/uploads\/2020\/02\/Z1-1024x683.jpg 1024w, https:\/\/supsagres.com\/wp-content\/uploads\/2020\/02\/Z1-272x182.jpg 272w, https:\/\/supsagres.com\/wp-content\/uploads\/2020\/02\/Z1.jpg 1200w\" sizes=\"auto, (max-width: 750px) 100vw, 750px\" \/>\t\t\t\t\t\t\t\t\t<\/a>\n\t\t\t\t\t\t\t\t\t\t\t\t\t<div class=\"image-title\">\n\t\t\t\t\t\tZEN\t\t\t\t\t<\/div>\n\t\t\t\t\t\t\t<\/div>\n\t\t\t\t\t<div class=\"sow-image-grid-image\">\n\t\t\t\t\t\t\t\t\t\t\t\t\t<a href=\"https:\/\/supsagres.com\/portfolio\/waza\/\"\n\t\t\t\t\t>\n\t\t\t\t\t\t\t\t<img loading=\"lazy\" decoding=\"async\" width=\"750\" height=\"500\" src=\"https:\/\/supsagres.com\/wp-content\/uploads\/2020\/02\/W15-768x512.jpg\" class=\"sow-image-grid-image_html\" alt=\"\" title=\"WAZA\" srcset=\"https:\/\/supsagres.com\/wp-content\/uploads\/2020\/02\/W15-768x512.jpg 768w, https:\/\/supsagres.com\/wp-content\/uploads\/2020\/02\/W15-600x400.jpg 600w, https:\/\/supsagres.com\/wp-content\/uploads\/2020\/02\/W15-1024x683.jpg 1024w, https:\/\/supsagres.com\/wp-content\/uploads\/2020\/02\/W15-272x182.jpg 272w, https:\/\/supsagres.com\/wp-content\/uploads\/2020\/02\/W15.jpg 1200w\" sizes=\"auto, (max-width: 750px) 100vw, 750px\" \/>\t\t\t\t\t\t\t\t\t<\/a>\n\t\t\t\t\t\t\t\t\t\t\t\t\t<div class=\"image-title\">\n\t\t\t\t\t\tWAZA\t\t\t\t\t<\/div>\n\t\t\t\t\t\t\t<\/div>\n\t\t\t<\/div>\n<\/div><\/div><\/div><\/div><\/div><\/div><div id=\"pg-584-4\"  class=\"panel-grid panel-has-style\" ><div class=\"siteorigin-panels-stretch panel-row-style panel-row-style-for-584-4\" data-stretch-type=\"full\" ><div id=\"pgc-584-4-0\"  class=\"panel-grid-cell\" ><div id=\"panel-584-4-0-0\" class=\"so-panel widget widget_themegrill_flash_heading tg-widget section-title-wrapper panel-first-child\" data-index=\"9\" >\t<h3 class=\"section-title\">TESTIMONIALS<\/h3>\n<\/div><div id=\"panel-584-4-0-1\" class=\"so-panel widget widget_themegrill_flash_testimonial tg-section testimonial-section panel-last-child\" data-index=\"10\" ><div class=\"tg-testimonial-widget\">\n\t<div class=\"testimonial-container swiper-container\">\n\t\t<div class=\"testimonial-wrapper swiper-wrapper\">\n\t\t\t\t\t\t<div class=\"testimonial-slide swiper-slide\">\n\t\t\t\t<div class=\"testimonial-content-wrapper\">\n\t\t\t\t\t<div class=\"testimonial-icon\"><i class=\"fa fa-quote-left\"><\/i> <\/div>\n\t\t\t\t\t\t\t\t\t\t<div class=\"testimonial-content\">We had a wonderful time in Jean-Louis and Helena beautiful apartment! It was very comfortable, clean and decorated nicely. (Remarkable is also the fact that you could see the ocean from the window ) Helena and Jean-Louis were so hospitable and helpful (They even gave us a mosquito net)- so we felt like home from the beginning!<\/div>\n\t\t\t\t\t\t\t\t\t<\/div>\n\t\t\t\t<div class=\"testimonial-client-detail\">\n\t\t\t\t\t\t\t\t\t\t<div class=\"testimonial-img\"><img decoding=\"async\" src=\"https:\/\/supsagres.com\/wp-content\/uploads\/2020\/04\/N1-Franziska.jpg\" alt=\"Franziska\" \/><\/div>\n\t\t\t\t\t\t\t\t\t\t<div class=\"client-detail-block\">\n\t\t\t\t\t\t\t\t\t\t\t\t<h3 class=\"testimonial-title\">Franziska<\/h3>\n\t\t\t\t\t\t\t\t\t\t\t\t\t\t\t\t\t<\/div>\n\t\t\t\t<\/div>\n\t\t\t<\/div>\n\t\t\t\t\t\t<div class=\"testimonial-slide swiper-slide\">\n\t\t\t\t<div class=\"testimonial-content-wrapper\">\n\t\t\t\t\t<div class=\"testimonial-icon\"><i class=\"fa fa-quote-left\"><\/i> <\/div>\n\t\t\t\t\t\t\t\t\t\t<div class=\"testimonial-content\">Super SUP - H\u00f6hlen - Tour<br>\nWir hatten einen super Trip mit Jean Louis. Haben super H\u00f6hlen besichtigt. Jean Louis hat tolle Sprachkenntnisse (Englisch, Franz\u00f6sisch, Portugiesisch) und hat auch den Teil des Fotografen \u00fcbernommen. Ein absolutes Muss!<br>\n30 mai 2019\n<\/div>\n\t\t\t\t\t\t\t\t\t<\/div>\n\t\t\t\t<div class=\"testimonial-client-detail\">\n\t\t\t\t\t\t\t\t\t\t<div class=\"testimonial-img\"><img decoding=\"async\" src=\"https:\/\/supsagres.com\/wp-content\/uploads\/2020\/04\/AVIS-1.jpg\" alt=\"Lisa\" \/><\/div>\n\t\t\t\t\t\t\t\t\t\t<div class=\"client-detail-block\">\n\t\t\t\t\t\t\t\t\t\t\t\t<h3 class=\"testimonial-title\">Lisa<\/h3>\n\t\t\t\t\t\t\t\t\t\t\t\t\t\t\t\t\t<\/div>\n\t\t\t\t<\/div>\n\t\t\t<\/div>\n\t\t\t\t\t\t<div class=\"testimonial-slide swiper-slide\">\n\t\t\t\t<div class=\"testimonial-content-wrapper\">\n\t\t\t\t\t<div class=\"testimonial-icon\"><i class=\"fa fa-quote-left\"><\/i> <\/div>\n\t\t\t\t\t\t\t\t\t\t<div class=\"testimonial-content\">Helena and Jean-Louis have created a cosy place we'd visit again without hesitation: Everything is as described by the hosts, the flat itself spacious and bright, the furniture of really nice taste, the new bathroom very nice and spacious too and the bed comfy. As hosts Helena and Jean-Louis are very kind and supportive and always open for a little chat.<\/div>\n\t\t\t\t\t\t\t\t\t<\/div>\n\t\t\t\t<div class=\"testimonial-client-detail\">\n\t\t\t\t\t\t\t\t\t\t<div class=\"testimonial-img\"><img decoding=\"async\" src=\"https:\/\/supsagres.com\/wp-content\/uploads\/2020\/04\/N2-Claudia.jpg\" alt=\"Claudia\" \/><\/div>\n\t\t\t\t\t\t\t\t\t\t<div class=\"client-detail-block\">\n\t\t\t\t\t\t\t\t\t\t\t\t<h3 class=\"testimonial-title\">Claudia<\/h3>\n\t\t\t\t\t\t\t\t\t\t\t\t\t\t\t\t\t<\/div>\n\t\t\t\t<\/div>\n\t\t\t<\/div>\n\t\t\t\t\t\t<div class=\"testimonial-slide swiper-slide\">\n\t\t\t\t<div class=\"testimonial-content-wrapper\">\n\t\t\t\t\t<div class=\"testimonial-icon\"><i class=\"fa fa-quote-left\"><\/i> <\/div>\n\t\t\t\t\t\t\t\t\t\t<div class=\"testimonial-content\">Balade f\u00e9erique en paddle<br>\nUne premi\u00e8re exp\u00e9rience en paddle pour notre famille. Un souvenir imp\u00e9rissable ! Des vues incroyables! Des explications au top! H\u00e9l\u00e9na \u00e0 la r\u00e9sa, Jean-Louis en guide, un duo de professionnels du tonner! Tout y est: securit\u00e9, spectacle, gentillesse, et professionalisme! Une vraie complicit\u00e9 avec le guide! Tr\u00e8s loin de l'attrape touristes ! Une vraie authenticit\u00e9 ! A recommander mille fois! C'est juste extraordinaire !<br>17 ao\u00fbt 2019\n<\/div>\n\t\t\t\t\t\t\t\t\t<\/div>\n\t\t\t\t<div class=\"testimonial-client-detail\">\n\t\t\t\t\t\t\t\t\t\t<div class=\"testimonial-img\"><img decoding=\"async\" src=\"https:\/\/supsagres.com\/wp-content\/uploads\/2020\/04\/Avis-2.jpg\" alt=\"Emilie\" \/><\/div>\n\t\t\t\t\t\t\t\t\t\t<div class=\"client-detail-block\">\n\t\t\t\t\t\t\t\t\t\t\t\t<h3 class=\"testimonial-title\">Emilie<\/h3>\n\t\t\t\t\t\t\t\t\t\t\t\t\t\t\t\t\t<\/div>\n\t\t\t\t<\/div>\n\t\t\t<\/div>\n\t\t\t\t\t\t<div class=\"testimonial-slide swiper-slide\">\n\t\t\t\t<div class=\"testimonial-content-wrapper\">\n\t\t\t\t\t<div class=\"testimonial-icon\"><i class=\"fa fa-quote-left\"><\/i> <\/div>\n\t\t\t\t\t\t\t\t\t\t<div class=\"testimonial-content\">Such a great apartment in a fab location near Beliche beach! The hosts Helena and Jean-Louis gave a very warm and friendly welcome, with a wealth of local knowledge! We loved every minute in the apartment and wouldn't hesitate to return. The restaurant nearby is superb, the sunsets are stunning and the night time stars are abundant down in this part of Portugal <\/div>\n\t\t\t\t\t\t\t\t\t<\/div>\n\t\t\t\t<div class=\"testimonial-client-detail\">\n\t\t\t\t\t\t\t\t\t\t<div class=\"testimonial-img\"><img decoding=\"async\" src=\"https:\/\/supsagres.com\/wp-content\/uploads\/2020\/04\/N4-Richard.jpg\" alt=\"Richard \" \/><\/div>\n\t\t\t\t\t\t\t\t\t\t<div class=\"client-detail-block\">\n\t\t\t\t\t\t\t\t\t\t\t\t<h3 class=\"testimonial-title\">Richard <\/h3>\n\t\t\t\t\t\t\t\t\t\t\t\t\t\t\t\t\t<\/div>\n\t\t\t\t<\/div>\n\t\t\t<\/div>\n\t\t\t\t\t<\/div>\n\t\t<div class=\"swiper-pagination testimonial-pager\"><\/div>\n\t<\/div>\n<\/div>\n<\/div><\/div><\/div><\/div><\/div>","protected":false},"excerpt":{"rendered":"<p>SUP beginner lessons We offer group SUP classes in order to discover the basic techniques of stand up paddle. + [&hellip;]<\/p>\n","protected":false},"author":1,"featured_media":0,"parent":0,"menu_order":0,"comment_status":"closed","ping_status":"closed","template":"page-templates\/pagebuilder.php","meta":{"footnotes":""},"class_list":["post-584","page","type-page","status-publish","hentry"],"_links":{"self":[{"href":"https:\/\/supsagres.com\/en\/wp-json\/wp\/v2\/pages\/584","targetHints":{"allow":["GET"]}}],"collection":[{"href":"https:\/\/supsagres.com\/en\/wp-json\/wp\/v2\/pages"}],"about":[{"href":"https:\/\/supsagres.com\/en\/wp-json\/wp\/v2\/types\/page"}],"author":[{"embeddable":true,"href":"https:\/\/supsagres.com\/en\/wp-json\/wp\/v2\/users\/1"}],"replies":[{"embeddable":true,"href":"https:\/\/supsagres.com\/en\/wp-json\/wp\/v2\/comments?post=584"}],"version-history":[{"count":249,"href":"https:\/\/supsagres.com\/en\/wp-json\/wp\/v2\/pages\/584\/revisions"}],"predecessor-version":[{"id":2545,"href":"https:\/\/supsagres.com\/en\/wp-json\/wp\/v2\/pages\/584\/revisions\/2545"}],"wp:attachment":[{"href":"https:\/\/supsagres.com\/en\/wp-json\/wp\/v2\/media?parent=584"}],"curies":[{"name":"wp","href":"https:\/\/api.w.org\/{rel}","templated":true}]}}