{"id":1247,"date":"2020-02-14T11:31:56","date_gmt":"2020-02-14T11:31:56","guid":{"rendered":"https:\/\/supsagres.com\/?page_id=1247"},"modified":"2020-05-04T09:21:59","modified_gmt":"2020-05-04T09:21:59","slug":"sup-surf","status":"publish","type":"page","link":"https:\/\/supsagres.com\/fr\/sup-surf\/","title":{"rendered":"SUP &#038; SURF"},"content":{"rendered":"<div id=\"pl-1247\"  class=\"panel-layout\" ><div id=\"pg-1247-0\"  class=\"panel-grid panel-has-style\" ><div class=\"siteorigin-panels-stretch panel-row-style panel-row-style-for-1247-0\" data-stretch-type=\"full\" ><div id=\"pgc-1247-0-0\"  class=\"panel-grid-cell\" ><div id=\"panel-1247-0-0-0\" class=\"so-panel widget widget_themegrill_flash_heading tg-widget section-title-wrapper panel-first-child panel-last-child\" data-index=\"0\" ><div class=\"aos-init panel-widget-style panel-widget-style-for-1247-0-0-0\" data-aos=\"slide-right\" data-aos-duration=\"600\" data-aos-easing=\"linear\" data-aos-anchor-placement=\"top-bottom\" data-aos-once=\"false\" >\t<h3 class=\"section-title\">SUP &amp; SURF<\/h3>\n\t<div class=\"section-description\">Vivez une exp\u00e9rience unique<\/div>\n<\/div><\/div><\/div><\/div><\/div><div id=\"pg-1247-1\"  class=\"panel-grid panel-has-style\" ><div class=\"siteorigin-panels-stretch panel-row-style panel-row-style-for-1247-1\" data-stretch-type=\"full\" ><div id=\"pgc-1247-1-0\"  class=\"panel-grid-cell\" ><div id=\"panel-1247-1-0-0\" class=\"so-panel widget widget_themegrill_flash_service tg-widget tg-single-service panel-first-child panel-last-child\" data-index=\"1\" ><div class=\"aos-init panel-widget-style panel-widget-style-for-1247-1-0-0\" data-aos=\"fade-up-left\" data-aos-duration=\"600\" data-aos-easing=\"linear\" data-aos-anchor-placement=\"top-bottom\" data-aos-once=\"false\" >\n<div class=\"tg-service-widget tg-service-layout-1\">\n\t<div class=\"service-wrapper\">\n\t\t<div class=\"service-icon-title-wrapper clearfix\">\n\t\t\t\t\t\t\t\t\t<figure class=\"service-image-wrap\"><img decoding=\"async\" src=\"https:\/\/supsagres.com\/wp-content\/uploads\/2020\/01\/info_eau_plate.jpg\" \/><\/figure>\n\t\t\t\t\t\t\t\t\t<h3 class=\"service-title-wrap\">\n\t\t\t\t\t\t\t\t<a href=\"\/supsagres\/sup-surf\/iniciacao-sup\/\">\n\t\t\t\tCours initiation SUP\t\t\t\t\t\t\t\t<\/a>\n\t\t\t\t\t\t\t<\/h3>\n\t\t\t\t\t<\/div>\n\t\t\t\t<div class=\"service-content-wrap\">Nous proposons des cours de Sup en groupe permettant de d\u00e9couvrir les techniques de base du stand up paddle.<\/div>\n\t\t\t\t\t\t<a class=\"service-more\" href=\"\/supsagres\/sup-surf\/iniciacao-sup\/\">+ INFOS<\/a>\n\t\t\t<\/div>\n<\/div>\n<\/div><\/div><\/div><div id=\"pgc-1247-1-1\"  class=\"panel-grid-cell\" ><div id=\"panel-1247-1-1-0\" class=\"so-panel widget widget_themegrill_flash_service tg-widget tg-single-service panel-first-child panel-last-child\" data-index=\"2\" ><div class=\"aos-init panel-widget-style panel-widget-style-for-1247-1-1-0\" data-aos=\"slide-right\" data-aos-duration=\"600\" data-aos-easing=\"linear\" data-aos-anchor-placement=\"top-bottom\" data-aos-once=\"false\" >\n<div class=\"tg-service-widget tg-service-layout-1\">\n\t<div class=\"service-wrapper\">\n\t\t<div class=\"service-icon-title-wrapper clearfix\">\n\t\t\t\t\t\t\t\t\t<figure class=\"service-image-wrap\"><img decoding=\"async\" src=\"https:\/\/supsagres.com\/wp-content\/uploads\/2020\/01\/info_vages-.jpg\" \/><\/figure>\n\t\t\t\t\t\t\t\t\t<h3 class=\"service-title-wrap\">\n\t\t\t\t\t\t\t\t<a href=\"\/supsagres\/sup-surf\/paddle-surf-coaching\/\">\n\t\t\t\tPaddle Surf Coaching\t\t\t\t\t\t\t\t<\/a>\n\t\t\t\t\t\t\t<\/h3>\n\t\t\t\t\t<\/div>\n\t\t\t\t<div class=\"service-content-wrap\">Accompagnement propos\u00e9 pour debutants et avanc\u00e9s<\/div>\n\t\t\t\t\t\t<a class=\"service-more\" href=\"\/supsagres\/sup-surf\/paddle-surf-coaching\/\">+ INFOS<\/a>\n\t\t\t<\/div>\n<\/div>\n<\/div><\/div><\/div><div id=\"pgc-1247-1-2\"  class=\"panel-grid-cell\" ><div id=\"panel-1247-1-2-0\" class=\"so-panel widget widget_themegrill_flash_service tg-widget tg-single-service panel-first-child panel-last-child\" data-index=\"3\" ><div class=\"aos-init panel-widget-style panel-widget-style-for-1247-1-2-0\" data-aos=\"zoom-in-up\" data-aos-duration=\"600\" data-aos-easing=\"linear\" data-aos-anchor-placement=\"top-bottom\" data-aos-once=\"false\" >\n<div class=\"tg-service-widget tg-service-layout-1\">\n\t<div class=\"service-wrapper\">\n\t\t<div class=\"service-icon-title-wrapper clearfix\">\n\t\t\t\t\t\t\t\t\t<figure class=\"service-image-wrap\"><img decoding=\"async\" src=\"https:\/\/supsagres.com\/wp-content\/uploads\/2020\/01\/info_grutas.jpg\" \/><\/figure>\n\t\t\t\t\t\t\t\t\t<h3 class=\"service-title-wrap\">\n\t\t\t\t\t\t\t\t<a href=\"\/supsagres\/sup-surf\/passeio-nas-grutas\/\">\n\t\t\t\tExploration f\u00e9erique\t\t\t\t\t\t\t\t<\/a>\n\t\t\t\t\t\t\t<\/h3>\n\t\t\t\t\t<\/div>\n\t\t\t\t<div class=\"service-content-wrap\">Balade le long des falaises et dans de fabuleuses grottes. Activit\u00e9 \u00e0 partir de 12 ans.<\/div>\n\t\t\t\t\t\t<a class=\"service-more\" href=\"\/supsagres\/sup-surf\/passeio-nas-grutas\/\">+ INFOS<\/a>\n\t\t\t<\/div>\n<\/div>\n<\/div><\/div><\/div><\/div><\/div><div id=\"pg-1247-2\"  class=\"panel-grid panel-has-style\" ><div class=\"siteorigin-panels-stretch panel-row-style panel-row-style-for-1247-2\" data-stretch-type=\"full\" ><div id=\"pgc-1247-2-0\"  class=\"panel-grid-cell\" ><div id=\"panel-1247-2-0-0\" class=\"so-panel widget widget_themegrill_flash_service tg-widget tg-single-service panel-first-child panel-last-child\" data-index=\"4\" ><div class=\"aos-init panel-widget-style panel-widget-style-for-1247-2-0-0\" data-aos=\"flip-up\" data-aos-duration=\"600\" data-aos-easing=\"linear\" data-aos-anchor-placement=\"top-bottom\" data-aos-once=\"false\" >\n<div class=\"tg-service-widget tg-service-layout-1\">\n\t<div class=\"service-wrapper\">\n\t\t<div class=\"service-icon-title-wrapper clearfix\">\n\t\t\t\t\t\t\t\t\t<figure class=\"service-image-wrap\"><img decoding=\"async\" src=\"https:\/\/supsagres.com\/wp-content\/uploads\/2020\/01\/info_rand.jpg\" \/><\/figure>\n\t\t\t\t\t\t\t\t\t<h3 class=\"service-title-wrap\">\n\t\t\t\t\t\t\t\t<a href=\"\/supsagres\/sup-surf\/passeio-ilhas-do-martinhal\/\">\n\t\t\t\tRandonn\u00e9e nature\t\t\t\t\t\t\t\t<\/a>\n\t\t\t\t\t\t\t<\/h3>\n\t\t\t\t\t<\/div>\n\t\t\t\t<div class=\"service-content-wrap\">D\u00e9couverte des \u00eeles du Martinhal et de ses eaux cristalines. Activit\u00e9 \u00e0 partir de 12 ans.<\/div>\n\t\t\t\t\t\t<a class=\"service-more\" href=\"\/supsagres\/sup-surf\/passeio-ilhas-do-martinhal\/\">+ INFOS<\/a>\n\t\t\t<\/div>\n<\/div>\n<\/div><\/div><\/div><div id=\"pgc-1247-2-1\"  class=\"panel-grid-cell\" ><div id=\"panel-1247-2-1-0\" class=\"so-panel widget widget_themegrill_flash_service tg-widget tg-single-service panel-first-child panel-last-child\" data-index=\"5\" ><div class=\"aos-init panel-widget-style panel-widget-style-for-1247-2-1-0\" data-aos=\"fade-down-right\" data-aos-duration=\"600\" data-aos-easing=\"linear\" data-aos-anchor-placement=\"top-bottom\" data-aos-once=\"false\" >\n<div class=\"tg-service-widget tg-service-layout-1\">\n\t<div class=\"service-wrapper\">\n\t\t<div class=\"service-icon-title-wrapper clearfix\">\n\t\t\t\t\t\t\t\t\t<figure class=\"service-image-wrap\"><img decoding=\"async\" src=\"https:\/\/supsagres.com\/wp-content\/uploads\/2020\/01\/info_sup-sup.jpg\" \/><\/figure>\n\t\t\t\t\t\t\t\t\t<h3 class=\"service-title-wrap\">\n\t\t\t\t\t\t\t\t<a href=\"\/supsagres\/sup-surf\/aluguer-sup\/\">\n\t\t\t\tLocation SUP\t\t\t\t\t\t\t\t<\/a>\n\t\t\t\t\t\t\t<\/h3>\n\t\t\t\t\t<\/div>\n\t\t\t\t<div class=\"service-content-wrap\">Location de planches rigides et gonflables, combinaisons, barre de toit<\/div>\n\t\t\t\t\t\t<a class=\"service-more\" href=\"\/supsagres\/sup-surf\/aluguer-sup\/\">+ INFOS<\/a>\n\t\t\t<\/div>\n<\/div>\n<\/div><\/div><\/div><div id=\"pgc-1247-2-2\"  class=\"panel-grid-cell\" ><div id=\"panel-1247-2-2-0\" class=\"so-panel widget widget_themegrill_flash_service tg-widget tg-single-service panel-first-child panel-last-child\" data-index=\"6\" ><div class=\"aos-init panel-widget-style panel-widget-style-for-1247-2-2-0\" data-aos=\"flip-right\" data-aos-duration=\"600\" data-aos-easing=\"linear\" data-aos-anchor-placement=\"top-bottom\" data-aos-once=\"false\" >\n<div class=\"tg-service-widget tg-service-layout-1\">\n\t<div class=\"service-wrapper\">\n\t\t<div class=\"service-icon-title-wrapper clearfix\">\n\t\t\t\t\t\t\t\t\t<figure class=\"service-image-wrap\"><img decoding=\"async\" src=\"https:\/\/supsagres.com\/wp-content\/uploads\/2020\/01\/info_sup-surf.jpg\" \/><\/figure>\n\t\t\t\t\t\t\t\t\t<h3 class=\"service-title-wrap\">\n\t\t\t\t\t\t\t\t<a href=\"\/supsagres\/sup-surf\/aluguer-surf\/\">\n\t\t\t\tLocation Surf\t\t\t\t\t\t\t\t<\/a>\n\t\t\t\t\t\t\t<\/h3>\n\t\t\t\t\t<\/div>\n\t\t\t\t<div class=\"service-content-wrap\">Location de planches de surf, combinaisons et barre de toit<\/div>\n\t\t\t\t\t\t<a class=\"service-more\" href=\"\/supsagres\/sup-surf\/aluguer-surf\/\">+ INFOS<\/a>\n\t\t\t<\/div>\n<\/div>\n<\/div><\/div><\/div><\/div><\/div><div id=\"pg-1247-3\"  class=\"panel-grid panel-has-style\" ><div id=\"cont\" class=\"panel-row-style panel-row-style-for-1247-3\" ><div id=\"pgc-1247-3-0\"  class=\"panel-grid-cell\" ><div id=\"panel-1247-3-0-0\" class=\"so-panel widget widget_themegrill_flash_heading tg-widget section-title-wrapper panel-first-child panel-last-child\" data-index=\"7\" ><div class=\"aos-init panel-widget-style panel-widget-style-for-1247-3-0-0\" data-aos=\"slide-left\" data-aos-duration=\"600\" data-aos-easing=\"linear\" data-aos-anchor-placement=\"top-bottom\" data-aos-once=\"false\" >\t<h3 class=\"section-title\">CONTACTEZ-NOUS<\/h3>\n<\/div><\/div><\/div><\/div><\/div><div id=\"pg-1247-4\"  class=\"panel-grid panel-no-style\" ><div id=\"pgc-1247-4-0\"  class=\"panel-grid-cell panel-grid-cell-empty\" ><\/div><div id=\"pgc-1247-4-1\"  class=\"panel-grid-cell panel-grid-cell-mobile-last\" ><div id=\"panel-1247-4-1-0\" class=\"so-panel widget widget_sow-editor panel-first-child panel-last-child\" data-index=\"8\" ><div\n\t\t\t\n\t\t\tclass=\"so-widget-sow-editor so-widget-sow-editor-base\"\n\t\t\t\n\t\t>\n<div class=\"siteorigin-widget-tinymce textwidget\">\n\t<div class=\"everest-forms\"><div class=\"evf-container default\" id=\"evf-2265\"><form id=\"evf-form-2265\" class=\"everest-form\" data-formid=\"2265\" data-ajax_submission=\"0\" data-keyboard_friendly_form=\"0\" data-form_state_type=\"\" method=\"post\" enctype=\"multipart\/form-data\" action=\"\/fr\/wp-json\/wp\/v2\/pages\/1247\"><div class=\"evf-field-container\"><input type=\"hidden\" id=\"_wpnonce2265\" name=\"_wpnonce2265\" value=\"773c3fc8f5\" \/><input type=\"hidden\" name=\"_wp_http_referer\" value=\"\/fr\/wp-json\/wp\/v2\/pages\/1247\" \/><div class=\"evf-frontend-row\" data-row=\"row_1\" conditional_rules=\"[]\"><div class=\"evf-frontend-grid evf-grid-1\" data-grid=\"grid_1\"><div id=\"evf-2265-field_lVizlNhYus-1-container\" class=\"evf-field evf-field-text form-row validate-required\" data-required-field-message=\"This field is required.\" data-field-id=\"lVizlNhYus-1\"><label class=\"evf-field-label\" for=\"evf-2265-field_lVizlNhYus-1\"><span class=\"evf-label\">Nom<\/span> <abbr class=\"required\" title=\"N\u00e9cessaire\">*<\/abbr><\/label><input type=\"text\" id=\"evf-2265-field_lVizlNhYus-1\" class=\"input-text\" name=\"everest_forms[form_fields][lVizlNhYus-1]\" required><\/div><\/div><\/div><div class=\"evf-frontend-row\" data-row=\"row_2\" conditional_rules=\"[]\"><div class=\"evf-frontend-grid evf-grid-2\" data-grid=\"grid_1\"><div id=\"evf-2265-field_XYnMdkQDKM-3-container\" class=\"evf-field evf-field-email form-row validate-required validate-email\" data-required-field-message=\"Please enter a valid email address.\" data-field-id=\"XYnMdkQDKM-3\"><label class=\"evf-field-label\" for=\"evf-2265-field_XYnMdkQDKM-3\"><span class=\"evf-label\">Email<\/span> <abbr class=\"required\" title=\"N\u00e9cessaire\">*<\/abbr><\/label><input type=\"email\" id=\"evf-2265-field_XYnMdkQDKM-3\" class=\"input-text\" name=\"everest_forms[form_fields][XYnMdkQDKM-3]\" required ><\/div><div id=\"evf-2265-field_K6zNdwn20y-2-container\" class=\"evf-field evf-field-select form-row\" data-field-id=\"K6zNdwn20y-2\"><label class=\"evf-field-label\" for=\"evf-2265-field_K6zNdwn20y-2\"><span class=\"evf-label\">Activit\u00e9<\/span> <\/label><select id=\"evf-2265-field_K6zNdwn20y-2\" class=\"input-text\" name=\"everest_forms[form_fields][K6zNdwn20y-2]\" ><option value=\"Choisissez l&#039;activit\u00e9 qui vous int\u00e9resse\" >Choisissez l&#039;activit\u00e9 qui vous int\u00e9resse<\/option><option value=\"Cours initiation SUP\" >Cours initiation SUP<\/option><option value=\"Paddle Surf Coaching \" >Paddle Surf Coaching <\/option><option value=\"Exploration f\u00e9erique\" >Exploration f\u00e9erique<\/option><option value=\"Randonn\u00e9e nature\" >Randonn\u00e9e nature<\/option><\/select><\/div><\/div><div class=\"evf-frontend-grid evf-grid-2\" data-grid=\"grid_2\"><div id=\"evf-2265-field_xJivsqAS2c-2-container\" class=\"evf-field evf-field-text form-row validate-required\" data-required-field-message=\"This field is required.\" data-field-id=\"xJivsqAS2c-2\"><label class=\"evf-field-label\" for=\"evf-2265-field_xJivsqAS2c-2\"><span class=\"evf-label\">T\u00e9l\u00e9phone<\/span> <abbr class=\"required\" title=\"N\u00e9cessaire\">*<\/abbr><\/label><input type=\"text\" id=\"evf-2265-field_xJivsqAS2c-2\" class=\"input-text\" name=\"everest_forms[form_fields][xJivsqAS2c-2]\" required><\/div><div id=\"evf-2265-field_th6UyTD06m-1-container\" class=\"evf-field evf-field-date-time form-row\" data-field-id=\"th6UyTD06m-1\"><label class=\"evf-field-label\" for=\"evf-2265-field_th6UyTD06m-1\"><span class=\"evf-label\">Jour souhait\u00e9<\/span> <\/label><input type=\"text\" id=\"evf-2265-field_th6UyTD06m-1\" class=\"flatpickr-field input-text\" name=\"everest_forms[form_fields][th6UyTD06m-1]\" data-time-interval=\"15\" data-date-time=\"date\" data-mode=\"single\" data-locale=\"en\" data-date-format=\"d\/m\/Y\"  ><\/div><div id=\"evf-2265-field_tzG1EROGb1-4-container\" class=\"evf-field evf-field-radio form-row everest-forms-list-inline\" data-field-id=\"tzG1EROGb1-4\"><label class=\"evf-field-label evf-label-hide\" for=\"evf-2265-field_tzG1EROGb1-4\"><span class=\"evf-label\">Horario<\/span> <\/label><ul id=\"evf-2265-field_tzG1EROGb1-4\"><li class=\"choice-1 depth-1\"><input type=\"radio\" id=\"evf-2265-field_tzG1EROGb1-4_1\" class=\"input-text\" name=\"everest_forms[form_fields][tzG1EROGb1-4]\" value=\"Matin\"  ><label class=\"everest-forms-field-label-inline\" for=\"evf-2265-field_tzG1EROGb1-4_1\">Matin<\/label><\/li><li class=\"choice-2 depth-1\"><input type=\"radio\" id=\"evf-2265-field_tzG1EROGb1-4_2\" class=\"input-text\" name=\"everest_forms[form_fields][tzG1EROGb1-4]\" value=\"Apr\u00e8s midi\"  ><label class=\"everest-forms-field-label-inline\" for=\"evf-2265-field_tzG1EROGb1-4_2\">Apr\u00e8s midi<\/label><\/li><\/ul><\/div><\/div><\/div><div class=\"evf-frontend-row\" data-row=\"row_3\" conditional_rules=\"[]\"><div class=\"evf-frontend-grid evf-grid-1\" data-grid=\"grid_1\"><div id=\"evf-2265-field_YalaPcQ0DO-4-container\" class=\"evf-field evf-field-textarea form-row\" data-field-id=\"YalaPcQ0DO-4\"><label class=\"evf-field-label\" for=\"evf-2265-field_YalaPcQ0DO-4\"><span class=\"evf-label\">Informations compl\u00e9mentaires<\/span> <\/label><textarea id=\"evf-2265-field_YalaPcQ0DO-4\" class=\"input-text\" name=\"everest_forms[form_fields][YalaPcQ0DO-4]\" placeholder=\"Informations suppl\u00e9mentaires (nombre de personnes, besoins sp\u00e9ciaux, etc.)\"  ><\/textarea><\/div><\/div><\/div><\/div><div class=\"evf-honeypot-container evf-field-hp\"><label for=\"evf-2265-field-hp\" class=\"evf-field-label\">Website<\/label><input type=\"text\" name=\"everest_forms[hp]\" id=\"evf-2265-field-hp\" class=\"input-text\"><\/div><div class=\"evf-submit-container \" ><input type=\"hidden\" name=\"everest_forms[id]\" value=\"2265\"><input type=\"hidden\" name=\"everest_forms[author]\" value=\"1\"><button type='submit' name='everest_forms[submit]' class='everest-forms-submit-button button evf-submit ' id='evf-submit-2265' value='evf-submit' data-process-text=\"Processing\u2026\" conditional_rules='&quot;&quot;' conditional_id='evf-submit-2265'  id=\"evf-submit-2265\" aria-live=\"assertive\">Envoyer<\/button><\/div><\/form><\/div><!-- .evf-container --><\/div>\n<p>&nbsp;<\/p>\n<\/div>\n<\/div><\/div><\/div><div id=\"pgc-1247-4-2\"  class=\"panel-grid-cell panel-grid-cell-empty\" ><\/div><\/div><div id=\"pg-1247-5\"  class=\"panel-grid panel-has-style\" ><div class=\"siteorigin-panels-stretch panel-row-style panel-row-style-for-1247-5\" data-stretch-type=\"full\" ><div id=\"pgc-1247-5-0\"  class=\"panel-grid-cell\" ><div id=\"panel-1247-5-0-0\" class=\"so-panel widget widget_themegrill_flash_heading tg-widget section-title-wrapper panel-first-child\" data-index=\"9\" ><div class=\"aos-init panel-widget-style panel-widget-style-for-1247-5-0-0\" data-aos=\"slide-right\" data-aos-duration=\"600\" data-aos-easing=\"linear\" data-aos-anchor-placement=\"top-bottom\" data-aos-once=\"false\" >\t<h3 class=\"section-title\">T\u00c9MOIGNAGES<\/h3>\n<\/div><\/div><div id=\"panel-1247-5-0-1\" class=\"so-panel widget widget_themegrill_flash_testimonial tg-section testimonial-section panel-last-child\" data-index=\"10\" ><div class=\"aos-init panel-widget-style panel-widget-style-for-1247-5-0-1\" data-aos=\"slide-left\" data-aos-duration=\"900\" data-aos-easing=\"linear\" data-aos-anchor-placement=\"top-bottom\" data-aos-once=\"false\" ><div class=\"tg-testimonial-widget\">\n\t<div class=\"testimonial-container swiper-container\">\n\t\t<div class=\"testimonial-wrapper swiper-wrapper\">\n\t\t\t\t\t\t<div class=\"testimonial-slide swiper-slide\">\n\t\t\t\t<div class=\"testimonial-content-wrapper\">\n\t\t\t\t\t<div class=\"testimonial-icon\"><i class=\"fa fa-quote-left\"><\/i> <\/div>\n\t\t\t\t\t\t\t\t\t\t<div class=\"testimonial-content\">Acierto Pleno<\/br>\nUna excursi\u00f3n incre\u00edble. Desde el principio Jean Louis trasmite su pasi\u00f3n por esta actividad y te da la seguridad necesaria para disfrutar de la actividad, aunque seas un novato. El paisaje, las grutas, el grupo, el equipo\u2026..TODO genial. Super recomendable. Gracias Helena por el d\u00eda reservado. Merci beaucoup Jean Louis.<\/br>\n27 ao\u00fbt 2019<\/div>\n\t\t\t\t\t\t\t\t\t<\/div>\n\t\t\t\t<div class=\"testimonial-client-detail\">\n\t\t\t\t\t\t\t\t\t\t<div class=\"testimonial-img\"><img decoding=\"async\" src=\"https:\/\/supsagres.com\/wp-content\/uploads\/2020\/04\/sup3-.jpg\" alt=\"Lasier\" \/><\/div>\n\t\t\t\t\t\t\t\t\t\t<div class=\"client-detail-block\">\n\t\t\t\t\t\t\t\t\t\t\t\t<h3 class=\"testimonial-title\">Lasier<\/h3>\n\t\t\t\t\t\t\t\t\t\t\t\t\t\t\t\t\t<\/div>\n\t\t\t\t<\/div>\n\t\t\t<\/div>\n\t\t\t\t\t\t<div class=\"testimonial-slide swiper-slide\">\n\t\t\t\t<div class=\"testimonial-content-wrapper\">\n\t\t\t\t\t<div class=\"testimonial-icon\"><i class=\"fa fa-quote-left\"><\/i> <\/div>\n\t\t\t\t\t\t\t\t\t\t<div class=\"testimonial-content\">Amazing SUP Tour<br>\nIt was an amazing experience! Jean Louis was the best teacher and guide. He took us to great caves and cliffs along the coast. The tour was perfectly arranged and organized. If we ever go back, we will surely go paddling with Jean Louis again.<br>\n02 sept. 2019<\/div>\n\t\t\t\t\t\t\t\t\t<\/div>\n\t\t\t\t<div class=\"testimonial-client-detail\">\n\t\t\t\t\t\t\t\t\t\t<div class=\"testimonial-img\"><img decoding=\"async\" src=\"https:\/\/supsagres.com\/wp-content\/uploads\/2020\/04\/sup4-.jpg\" alt=\"Fergillert\" \/><\/div>\n\t\t\t\t\t\t\t\t\t\t<div class=\"client-detail-block\">\n\t\t\t\t\t\t\t\t\t\t\t\t<h3 class=\"testimonial-title\">Fergillert<\/h3>\n\t\t\t\t\t\t\t\t\t\t\t\t\t\t\t\t\t<\/div>\n\t\t\t\t<\/div>\n\t\t\t<\/div>\n\t\t\t\t\t\t<div class=\"testimonial-slide swiper-slide\">\n\t\t\t\t<div class=\"testimonial-content-wrapper\">\n\t\t\t\t\t<div class=\"testimonial-icon\"><i class=\"fa fa-quote-left\"><\/i> <\/div>\n\t\t\t\t\t\t\t\t\t\t<div class=\"testimonial-content\">A gem of a tour!!!<\/br>\nThe best SUP tour in Algarve! We only tried two;) but we're pretty sure it cannot get any better:) Remote and picturesque hippie beach, charming and competent guide (thank you, Jean-Louis!), awesome caves and cliffs, virtually no people (very different from Lagos), a bit of snorkeling too (goggles provided)! We even had a chance to hold a starfish in our hands:)) The pictures Jean-Louis made turned out great! Pretty much the highlight of our surfing trip to Algarve. Highly recommended!<\/br>\n08 sept. 2019<\/div>\n\t\t\t\t\t\t\t\t\t<\/div>\n\t\t\t\t<div class=\"testimonial-client-detail\">\n\t\t\t\t\t\t\t\t\t\t<div class=\"testimonial-img\"><img decoding=\"async\" src=\"https:\/\/supsagres.com\/wp-content\/uploads\/2020\/04\/sup5.jpg\" alt=\"Traveler\" \/><\/div>\n\t\t\t\t\t\t\t\t\t\t<div class=\"client-detail-block\">\n\t\t\t\t\t\t\t\t\t\t\t\t<h3 class=\"testimonial-title\">Traveler<\/h3>\n\t\t\t\t\t\t\t\t\t\t\t\t\t\t\t\t\t<\/div>\n\t\t\t\t<\/div>\n\t\t\t<\/div>\n\t\t\t\t\t\t<div class=\"testimonial-slide swiper-slide\">\n\t\t\t\t<div class=\"testimonial-content-wrapper\">\n\t\t\t\t\t<div class=\"testimonial-icon\"><i class=\"fa fa-quote-left\"><\/i> <\/div>\n\t\t\t\t\t\t\t\t\t\t<div class=\"testimonial-content\">Super SUP<br>\nWe hired 4 SUP's from SUP Sagres. Jean-Louis and Helena were very friendly, spoke great English and gave us some great advice on where to go. The boards were excellent and we had a fantastic morning exploring the coastline. We saw Jean-Louis with a group he was touring with and he kindly took a few photos for us and emailed them. We will be back to Sagres and will definitely hire from them again. Fully recommend.<br>\n28 oct. 2019\n<\/div>\n\t\t\t\t\t\t\t\t\t<\/div>\n\t\t\t\t<div class=\"testimonial-client-detail\">\n\t\t\t\t\t\t\t\t\t\t<div class=\"testimonial-img\"><img decoding=\"async\" src=\"https:\/\/supsagres.com\/wp-content\/uploads\/2020\/04\/sup6.jpg\" alt=\"Justine\" \/><\/div>\n\t\t\t\t\t\t\t\t\t\t<div class=\"client-detail-block\">\n\t\t\t\t\t\t\t\t\t\t\t\t<h3 class=\"testimonial-title\">Justine<\/h3>\n\t\t\t\t\t\t\t\t\t\t\t\t\t\t\t\t\t<\/div>\n\t\t\t\t<\/div>\n\t\t\t<\/div>\n\t\t\t\t\t\t<div class=\"testimonial-slide swiper-slide\">\n\t\t\t\t<div class=\"testimonial-content-wrapper\">\n\t\t\t\t\t<div class=\"testimonial-icon\"><i class=\"fa fa-quote-left\"><\/i> <\/div>\n\t\t\t\t\t\t\t\t\t\t<div class=\"testimonial-content\">Curso de SUP<\/br>\nWe had a great 2 day SUP surf course with Jean Louis. He is extremely competent and gave us constructive feedback that allowed us to improve our sup surf skills. Helena also replied immediately when we contacted her about a course. You are a great team and we look forward to our next visit. Thank you for a lovely time.<\/br>\n01 nov. 2019<\/div>\n\t\t\t\t\t\t\t\t\t<\/div>\n\t\t\t\t<div class=\"testimonial-client-detail\">\n\t\t\t\t\t\t\t\t\t\t<div class=\"testimonial-img\"><img decoding=\"async\" src=\"https:\/\/supsagres.com\/wp-content\/uploads\/2020\/04\/sup7.jpg\" alt=\"SupWave\" \/><\/div>\n\t\t\t\t\t\t\t\t\t\t<div class=\"client-detail-block\">\n\t\t\t\t\t\t\t\t\t\t\t\t<h3 class=\"testimonial-title\">SupWave<\/h3>\n\t\t\t\t\t\t\t\t\t\t\t\t\t\t\t\t\t<\/div>\n\t\t\t\t<\/div>\n\t\t\t<\/div>\n\t\t\t\t\t<\/div>\n\t\t<div class=\"swiper-pagination testimonial-pager\"><\/div>\n\t<\/div>\n<\/div>\n<\/div><\/div><\/div><\/div><\/div><\/div>","protected":false},"excerpt":{"rendered":"<p>SUP &amp; SURF Vivez une exp\u00e9rience unique Cours initiation SUP Nous proposons des cours de Sup en groupe permettant de [&hellip;]<\/p>\n","protected":false},"author":1,"featured_media":0,"parent":0,"menu_order":0,"comment_status":"closed","ping_status":"closed","template":"","meta":{"footnotes":""},"class_list":["post-1247","page","type-page","status-publish","hentry"],"_links":{"self":[{"href":"https:\/\/supsagres.com\/fr\/wp-json\/wp\/v2\/pages\/1247","targetHints":{"allow":["GET"]}}],"collection":[{"href":"https:\/\/supsagres.com\/fr\/wp-json\/wp\/v2\/pages"}],"about":[{"href":"https:\/\/supsagres.com\/fr\/wp-json\/wp\/v2\/types\/page"}],"author":[{"embeddable":true,"href":"https:\/\/supsagres.com\/fr\/wp-json\/wp\/v2\/users\/1"}],"replies":[{"embeddable":true,"href":"https:\/\/supsagres.com\/fr\/wp-json\/wp\/v2\/comments?post=1247"}],"version-history":[{"count":109,"href":"https:\/\/supsagres.com\/fr\/wp-json\/wp\/v2\/pages\/1247\/revisions"}],"predecessor-version":[{"id":2269,"href":"https:\/\/supsagres.com\/fr\/wp-json\/wp\/v2\/pages\/1247\/revisions\/2269"}],"wp:attachment":[{"href":"https:\/\/supsagres.com\/fr\/wp-json\/wp\/v2\/media?parent=1247"}],"curies":[{"name":"wp","href":"https:\/\/api.w.org\/{rel}","templated":true}]}}