{"id":1401,"date":"2020-02-18T10:12:46","date_gmt":"2020-02-18T10:12:46","guid":{"rendered":"https:\/\/supsagres.com\/?page_id=1401"},"modified":"2023-05-29T08:34:32","modified_gmt":"2023-05-29T08:34:32","slug":"passeio-ilhas-do-martinhal","status":"publish","type":"page","link":"https:\/\/supsagres.com\/fr\/sup-surf\/passeio-ilhas-do-martinhal\/","title":{"rendered":"Randonn\u00e9e nature"},"content":{"rendered":"<div id=\"pl-1401\"  class=\"panel-layout\" ><div id=\"pg-1401-0\"  class=\"panel-grid panel-has-style\" ><div class=\"siteorigin-panels-stretch panel-row-style panel-row-style-for-1401-0\" data-stretch-type=\"full-stretched\" ><div id=\"pgc-1401-0-0\"  class=\"panel-grid-cell\" ><div id=\"panel-1401-0-0-0\" class=\"so-panel widget widget_themegrill_flash_image tg-widget tg-image-widget panel-first-child panel-last-child\" data-index=\"0\" >\t<img decoding=\"async\" src=\"https:\/\/supsagres.com\/wp-content\/uploads\/2020\/02\/top_ra.jpg\" \/>\n<\/div><\/div><\/div><\/div><div id=\"pg-1401-1\"  class=\"panel-grid panel-has-style\" ><div class=\"panel-row-style panel-row-style-for-1401-1\" ><div id=\"pgc-1401-1-0\"  class=\"panel-grid-cell\" ><div id=\"panel-1401-1-0-0\" class=\"so-panel widget widget_themegrill_flash_heading tg-widget section-title-wrapper panel-first-child panel-last-child\" data-index=\"1\" >\t<h3 class=\"section-title\">RANDONN\u00c9E NATURE<\/h3>\n<\/div><\/div><\/div><\/div><div id=\"pg-1401-2\"  class=\"panel-grid panel-has-style\" ><div class=\"panel-row-style panel-row-style-for-1401-2\" ><div id=\"pgc-1401-2-0\"  class=\"panel-grid-cell\" ><div id=\"panel-1401-2-0-0\" class=\"so-panel widget widget_sow-editor panel-first-child panel-last-child\" data-index=\"2\" ><div\n\t\t\t\n\t\t\tclass=\"so-widget-sow-editor so-widget-sow-editor-base\"\n\t\t\t\n\t\t>\n<div class=\"siteorigin-widget-tinymce textwidget\">\n\t<h5>Description<\/h5>\n<p>D\u00e9couverte des \u00eeles du Martinhal et de ses eaux cristalines, accostage sur une plage de galets blancs pour se r\u00e9poser avant de repartir vers le port et terminer ce fabuleux p\u00e9riple.<br \/>\nActivit\u00e9 \u00e0 partir de 12 ans.<\/p>\n<h5>Dur\u00e9e<\/h5>\n<p>2H00<\/p>\n<h5>Les prix*<\/h5>\n<p>55\u20ac<br \/>\n* prix par personne \u2013 Min. 2 pers.<\/p>\n<\/div>\n<\/div><\/div><\/div><div id=\"pgc-1401-2-1\"  class=\"panel-grid-cell\" ><div id=\"panel-1401-2-1-0\" class=\"so-panel widget widget_sow-editor panel-first-child panel-last-child\" data-index=\"3\" ><div\n\t\t\t\n\t\t\tclass=\"so-widget-sow-editor so-widget-sow-editor-base\"\n\t\t\t\n\t\t>\n<div class=\"siteorigin-widget-tinymce textwidget\">\n\t<h5>LE PRIX INCLUS<\/h5>\n<ul>\n<li>Initiation avec instructeur certifi\u00e9<\/li>\n<li>Planche &amp; pagaie<\/li>\n<li>Combinaison &amp; gilet de sauvetage<\/li>\n<li>Masque &amp; tuba<\/li>\n<li>Assurance<\/li>\n<li>Photos personnalis\u00e9es Go Pro 9<\/li>\n<li>Collation (eau &amp; g\u00e2teaux)<\/li>\n<li>Douche<\/li>\n<\/ul>\n<p>La bonne humeur est incluse dans toutes les activit\u00e9s !<\/p>\n<\/div>\n<\/div><\/div><\/div><div id=\"pgc-1401-2-2\"  class=\"panel-grid-cell\" ><div id=\"panel-1401-2-2-0\" class=\"so-panel widget widget_sow-button panel-first-child\" data-index=\"4\" ><div class=\"panel-widget-style panel-widget-style-for-1401-2-2-0\" ><div\n\t\t\t\n\t\t\tclass=\"so-widget-sow-button so-widget-sow-button-wire-49a30425f837-1401\"\n\t\t\t\n\t\t><div class=\"ow-button-base ow-button-align-center\"\n>\n\t\t\t<a\n\t\t\t\t\thref=\"\/supsagres\/sup-surf\/#cont\"\n\t\t\t\t\tclass=\"sowb-button ow-icon-placement-left ow-button-hover\" \t>\n\t\t<span>\n\t\t\t<span class=\"sow-icon-icomoon\" data-sow-icon=\"&#xe96f;\"\n\t\tstyle=\"color: #dd9933\" \n\t\taria-hidden=\"true\"><\/span>\n\t\t\tCONTACTEZ-NOUS\t\t<\/span>\n\t\t\t<\/a>\n\t<\/div>\n<\/div><\/div><\/div><div id=\"panel-1401-2-2-1\" class=\"so-panel widget widget_sow-editor panel-last-child\" data-index=\"5\" ><div\n\t\t\t\n\t\t\tclass=\"so-widget-sow-editor so-widget-sow-editor-base\"\n\t\t\t\n\t\t>\n<div class=\"siteorigin-widget-tinymce textwidget\">\n\t<p><a href=\"https:\/\/supsagres.com\/wp-content\/uploads\/2020\/02\/ilhas_mart_new-4.jpg\"><img loading=\"lazy\" decoding=\"async\" class=\"alignleft wp-image-1438 size-full\" src=\"https:\/\/supsagres.com\/wp-content\/uploads\/2020\/02\/ilhas_mart_new-4-e1582107307371.jpg\" alt=\"\" width=\"1024\" height=\"629\" srcset=\"https:\/\/supsagres.com\/wp-content\/uploads\/2020\/02\/ilhas_mart_new-4-e1582107307371.jpg 1024w, https:\/\/supsagres.com\/wp-content\/uploads\/2020\/02\/ilhas_mart_new-4-e1582107307371-600x369.jpg 600w, https:\/\/supsagres.com\/wp-content\/uploads\/2020\/02\/ilhas_mart_new-4-e1582107307371-768x472.jpg 768w\" sizes=\"auto, (max-width: 1024px) 100vw, 1024px\" \/><\/a><\/p>\n<\/div>\n<\/div><\/div><\/div><\/div><\/div><\/div>","protected":false},"excerpt":{"rendered":"<p>RANDONN\u00c9E NATURE Description D\u00e9couverte des \u00eeles du Martinhal et de ses eaux cristalines, accostage sur une plage de galets blancs [&hellip;]<\/p>\n","protected":false},"author":1,"featured_media":0,"parent":1247,"menu_order":0,"comment_status":"closed","ping_status":"closed","template":"","meta":{"footnotes":""},"class_list":["post-1401","page","type-page","status-publish","hentry"],"_links":{"self":[{"href":"https:\/\/supsagres.com\/fr\/wp-json\/wp\/v2\/pages\/1401","targetHints":{"allow":["GET"]}}],"collection":[{"href":"https:\/\/supsagres.com\/fr\/wp-json\/wp\/v2\/pages"}],"about":[{"href":"https:\/\/supsagres.com\/fr\/wp-json\/wp\/v2\/types\/page"}],"author":[{"embeddable":true,"href":"https:\/\/supsagres.com\/fr\/wp-json\/wp\/v2\/users\/1"}],"replies":[{"embeddable":true,"href":"https:\/\/supsagres.com\/fr\/wp-json\/wp\/v2\/comments?post=1401"}],"version-history":[{"count":49,"href":"https:\/\/supsagres.com\/fr\/wp-json\/wp\/v2\/pages\/1401\/revisions"}],"predecessor-version":[{"id":2578,"href":"https:\/\/supsagres.com\/fr\/wp-json\/wp\/v2\/pages\/1401\/revisions\/2578"}],"up":[{"embeddable":true,"href":"https:\/\/supsagres.com\/fr\/wp-json\/wp\/v2\/pages\/1247"}],"wp:attachment":[{"href":"https:\/\/supsagres.com\/fr\/wp-json\/wp\/v2\/media?parent=1401"}],"curies":[{"name":"wp","href":"https:\/\/api.w.org\/{rel}","templated":true}]}}