{"id":1485,"date":"2020-02-19T15:12:33","date_gmt":"2020-02-19T15:12:33","guid":{"rendered":"https:\/\/supsagres.com\/?page_id=1485"},"modified":"2020-02-25T12:03:11","modified_gmt":"2020-02-25T12:03:11","slug":"quem-somos","status":"publish","type":"page","link":"https:\/\/supsagres.com\/fr\/quem-somos\/","title":{"rendered":"Qui sommes nous"},"content":{"rendered":"<div id=\"pl-1485\"  class=\"panel-layout\" ><div id=\"pg-1485-0\"  class=\"panel-grid panel-has-style\" ><div class=\"panel-row-style panel-row-style-for-1485-0\" ><div id=\"pgc-1485-0-0\"  class=\"panel-grid-cell\" ><div id=\"panel-1485-0-0-0\" class=\"so-panel widget widget_themegrill_flash_heading tg-widget section-title-wrapper panel-first-child panel-last-child\" data-index=\"0\" ><div class=\"aos-init panel-widget-style panel-widget-style-for-1485-0-0-0\" data-aos=\"slide-left\" data-aos-duration=\"600\" data-aos-easing=\"linear\" data-aos-anchor-placement=\"top-bottom\" data-aos-once=\"false\" >\t<h3 class=\"section-title\">QUI SOMMES NOUS<\/h3>\n<\/div><\/div><\/div><\/div><\/div><div id=\"pg-1485-1\"  class=\"panel-grid panel-no-style\" ><div id=\"pgc-1485-1-0\"  class=\"panel-grid-cell panel-grid-cell-empty\" ><\/div><div id=\"pgc-1485-1-1\"  class=\"panel-grid-cell\" ><div id=\"panel-1485-1-1-0\" class=\"so-panel widget widget_sow-editor panel-first-child\" data-index=\"1\" ><div\n\t\t\t\n\t\t\tclass=\"so-widget-sow-editor so-widget-sow-editor-base\"\n\t\t\t\n\t\t>\n<div class=\"siteorigin-widget-tinymce textwidget\">\n\t<h5>Jean-Louis \/ Instructeur<\/h5>\n<\/div>\n<\/div><\/div><div id=\"panel-1485-1-1-1\" class=\"so-panel widget widget_themegrill_flash_image tg-widget tg-image-widget\" data-index=\"2\" >\t<img decoding=\"async\" src=\"https:\/\/supsagres.com\/wp-content\/uploads\/2020\/02\/jean-luis.jpg\" \/>\n<\/div><div id=\"panel-1485-1-1-2\" class=\"so-panel widget widget_sow-editor\" data-index=\"3\" ><div\n\t\t\t\n\t\t\tclass=\"so-widget-sow-editor so-widget-sow-editor-base\"\n\t\t\t\n\t\t>\n<div class=\"siteorigin-widget-tinymce textwidget\">\n\t<p>Votre guide, Jean-Louis FEUNTEUN instructeur certifi\u00e9 de Stand Up Paddle (SUP) vous accompagne lors des prestations propos\u00e9es.<\/p>\n<p>Apr\u00e8s deux tours du monde en tant que chef de cuisine fran\u00e7ais \u00e0 l\u2019Internationale,  j\u00b4ai pos\u00e9 mes valises au Portugal en 1996 pour ne plus le quitter.<br \/>\nPassionn\u00e9 de sports nautiques (Windsurf, Surf, Voile), pratiquant le SUP depuis plus d\u00b4une dizaine d\u00b4ann\u00e9es, je veux transmettre ma passion \u00e0 tous les amoureux de la mer et vous faire d\u00e9couvrir les beaut\u00e9s de la c\u00f4te sauvage de l\u2019Algarve, tout en respectant la nature.<\/p>\n<\/div>\n<\/div><\/div><div id=\"panel-1485-1-1-3\" class=\"so-panel widget widget_themegrill_flash_image tg-widget tg-image-widget\" data-index=\"4\" >\t<img decoding=\"async\" src=\"https:\/\/supsagres.com\/wp-content\/uploads\/2020\/02\/jean4-1024x1020-1.jpg\" \/>\n<\/div><div id=\"panel-1485-1-1-4\" class=\"so-panel widget widget_themegrill_flash_image tg-widget tg-image-widget\" data-index=\"5\" >\t<img decoding=\"async\" src=\"https:\/\/supsagres.com\/wp-content\/uploads\/2020\/02\/jean-2-768x576-1.jpg\" \/>\n<\/div><div id=\"panel-1485-1-1-5\" class=\"so-panel widget widget_themegrill_flash_image tg-widget tg-image-widget panel-last-child\" data-index=\"6\" >\t<img decoding=\"async\" src=\"https:\/\/supsagres.com\/wp-content\/uploads\/2020\/02\/jean-1.jpg\" \/>\n<\/div><\/div><div id=\"pgc-1485-1-2\"  class=\"panel-grid-cell panel-grid-cell-mobile-last\" ><div id=\"panel-1485-1-2-0\" class=\"so-panel widget widget_sow-editor panel-first-child\" data-index=\"7\" ><div\n\t\t\t\n\t\t\tclass=\"so-widget-sow-editor so-widget-sow-editor-base\"\n\t\t\t\n\t\t>\n<div class=\"siteorigin-widget-tinymce textwidget\">\n\t<h5>Helena \/ Accueil<\/h5>\n<\/div>\n<\/div><\/div><div id=\"panel-1485-1-2-1\" class=\"so-panel widget widget_themegrill_flash_image tg-widget tg-image-widget\" data-index=\"8\" >\t<img decoding=\"async\" src=\"https:\/\/supsagres.com\/wp-content\/uploads\/2020\/02\/hele-1.jpg\" \/>\n<\/div><div id=\"panel-1485-1-2-2\" class=\"so-panel widget widget_themegrill_flash_image tg-widget tg-image-widget\" data-index=\"9\" >\t<img decoding=\"async\" src=\"https:\/\/supsagres.com\/wp-content\/uploads\/2020\/02\/bifana.jpg\" \/>\n<\/div><div id=\"panel-1485-1-2-3\" class=\"so-panel widget widget_themegrill_flash_image tg-widget tg-image-widget\" data-index=\"10\" >\t<img decoding=\"async\" src=\"https:\/\/supsagres.com\/wp-content\/uploads\/2020\/02\/hele-2-rotated.jpg\" \/>\n<\/div><div id=\"panel-1485-1-2-4\" class=\"so-panel widget widget_themegrill_flash_image tg-widget tg-image-widget panel-last-child\" data-index=\"11\" >\t<img decoding=\"async\" src=\"https:\/\/supsagres.com\/wp-content\/uploads\/2020\/02\/hele-3-1024x680-1.jpg\" \/>\n<\/div><\/div><div id=\"pgc-1485-1-3\"  class=\"panel-grid-cell panel-grid-cell-empty\" ><\/div><\/div><\/div>","protected":false},"excerpt":{"rendered":"<p>Jean-Louis \/ Instructeur Votre guide, Jean-Louis FEUNTEUN instructeur certifi\u00e9 de Stand Up Paddle (SUP) vous accompagne lors des prestations propos\u00e9es. [&hellip;]<\/p>\n","protected":false},"author":1,"featured_media":0,"parent":0,"menu_order":0,"comment_status":"closed","ping_status":"closed","template":"","meta":{"footnotes":""},"class_list":["post-1485","page","type-page","status-publish","hentry"],"_links":{"self":[{"href":"https:\/\/supsagres.com\/fr\/wp-json\/wp\/v2\/pages\/1485","targetHints":{"allow":["GET"]}}],"collection":[{"href":"https:\/\/supsagres.com\/fr\/wp-json\/wp\/v2\/pages"}],"about":[{"href":"https:\/\/supsagres.com\/fr\/wp-json\/wp\/v2\/types\/page"}],"author":[{"embeddable":true,"href":"https:\/\/supsagres.com\/fr\/wp-json\/wp\/v2\/users\/1"}],"replies":[{"embeddable":true,"href":"https:\/\/supsagres.com\/fr\/wp-json\/wp\/v2\/comments?post=1485"}],"version-history":[{"count":45,"href":"https:\/\/supsagres.com\/fr\/wp-json\/wp\/v2\/pages\/1485\/revisions"}],"predecessor-version":[{"id":1589,"href":"https:\/\/supsagres.com\/fr\/wp-json\/wp\/v2\/pages\/1485\/revisions\/1589"}],"wp:attachment":[{"href":"https:\/\/supsagres.com\/fr\/wp-json\/wp\/v2\/media?parent=1485"}],"curies":[{"name":"wp","href":"https:\/\/api.w.org\/{rel}","templated":true}]}}