{"id":260,"date":"2017-02-20T10:36:22","date_gmt":"2017-02-20T10:36:22","guid":{"rendered":"https:\/\/demo.themegrill.com\/flash\/?page_id=260"},"modified":"2023-01-16T09:56:02","modified_gmt":"2023-01-16T09:56:02","slug":"apartamentos","status":"publish","type":"page","link":"https:\/\/supsagres.com\/fr\/apartamentos\/","title":{"rendered":"Apartments"},"content":{"rendered":"<div id=\"pl-260\"  class=\"panel-layout\" ><div id=\"pg-260-0\"  class=\"panel-grid panel-has-style\" ><div class=\"panel-row-style panel-row-style-for-260-0\" ><div id=\"pgc-260-0-0\"  class=\"panel-grid-cell\" ><div id=\"panel-260-0-0-0\" class=\"so-panel widget widget_themegrill_flash_heading tg-widget section-title-wrapper panel-first-child panel-last-child\" data-index=\"0\" ><div class=\"aos-init panel-widget-style panel-widget-style-for-260-0-0-0\" data-aos=\"slide-left\" data-aos-duration=\"600\" data-aos-easing=\"linear\" data-aos-anchor-placement=\"top-bottom\" data-aos-once=\"false\" >\t<h3 class=\"section-title\">APPARTEMENTS<\/h3>\n\t<div class=\"section-description\">Jetez l\u00b4ancre chez nous!<\/div>\n<\/div><\/div><\/div><\/div><\/div><div id=\"pg-260-1\"  class=\"panel-grid panel-no-style\" ><div id=\"pgc-260-1-0\"  class=\"panel-grid-cell\" ><div id=\"panel-260-1-0-0\" class=\"so-panel widget widget_sow-image-grid panel-first-child\" data-index=\"1\" ><div class=\"panel-widget-style panel-widget-style-for-260-1-0-0\" ><div\n\t\t\t\n\t\t\tclass=\"so-widget-sow-image-grid so-widget-sow-image-grid-default-ee688d0dd69b-260\"\n\t\t\t\n\t\t>\t<div\n\t\tclass=\"sow-image-grid-wrapper\"\n\t\tdata-max-width=\"500\"\t\tdata-max-height=\"750\"\t>\n\t\t\t\t\t<div class=\"sow-image-grid-image\">\n\t\t\t\t\t\t\t\t\t\t\t\t\t<a href=\"https:\/\/supsagres.com\/portfolio\/zen\/\"\n\t\t\t\t\t>\n\t\t\t\t\t\t\t\t<img loading=\"lazy\" decoding=\"async\" width=\"750\" height=\"500\" src=\"https:\/\/supsagres.com\/wp-content\/uploads\/2020\/02\/Z1-768x512.jpg\" class=\"sow-image-grid-image_html\" alt=\"\" title=\"ZEN\" srcset=\"https:\/\/supsagres.com\/wp-content\/uploads\/2020\/02\/Z1-768x512.jpg 768w, https:\/\/supsagres.com\/wp-content\/uploads\/2020\/02\/Z1-300x200.jpg 300w, https:\/\/supsagres.com\/wp-content\/uploads\/2020\/02\/Z1-1024x683.jpg 1024w, https:\/\/supsagres.com\/wp-content\/uploads\/2020\/02\/Z1-272x182.jpg 272w, https:\/\/supsagres.com\/wp-content\/uploads\/2020\/02\/Z1.jpg 1200w\" sizes=\"auto, (max-width: 750px) 100vw, 750px\" \/>\t\t\t\t\t\t\t\t\t<\/a>\n\t\t\t\t\t\t\t\t\t\t\t\t\t<div class=\"image-title\">\n\t\t\t\t\t\tZEN\t\t\t\t\t<\/div>\n\t\t\t\t\t\t\t<\/div>\n\t\t\t\t\t<div class=\"sow-image-grid-image\">\n\t\t\t\t\t\t\t\t\t\t\t\t\t<a href=\"https:\/\/supsagres.com\/portfolio\/waza\/\"\n\t\t\t\t\t>\n\t\t\t\t\t\t\t\t<img loading=\"lazy\" decoding=\"async\" width=\"750\" height=\"500\" src=\"https:\/\/supsagres.com\/wp-content\/uploads\/2020\/02\/W15-768x512.jpg\" class=\"sow-image-grid-image_html\" alt=\"\" title=\"WAZA\" srcset=\"https:\/\/supsagres.com\/wp-content\/uploads\/2020\/02\/W15-768x512.jpg 768w, https:\/\/supsagres.com\/wp-content\/uploads\/2020\/02\/W15-600x400.jpg 600w, https:\/\/supsagres.com\/wp-content\/uploads\/2020\/02\/W15-1024x683.jpg 1024w, https:\/\/supsagres.com\/wp-content\/uploads\/2020\/02\/W15-272x182.jpg 272w, https:\/\/supsagres.com\/wp-content\/uploads\/2020\/02\/W15.jpg 1200w\" sizes=\"auto, (max-width: 750px) 100vw, 750px\" \/>\t\t\t\t\t\t\t\t\t<\/a>\n\t\t\t\t\t\t\t\t\t\t\t\t\t<div class=\"image-title\">\n\t\t\t\t\t\tWAZA\t\t\t\t\t<\/div>\n\t\t\t\t\t\t\t<\/div>\n\t\t\t<\/div>\n<\/div><\/div><\/div><div id=\"panel-260-1-0-1\" class=\"so-panel widget widget_sow-editor panel-last-child\" data-index=\"2\" ><div class=\"panel-widget-style panel-widget-style-for-260-1-0-1\" ><div\n\t\t\t\n\t\t\tclass=\"so-widget-sow-editor so-widget-sow-editor-base\"\n\t\t\t\n\t\t>\n<div class=\"siteorigin-widget-tinymce textwidget\">\n\t<p>Situ\u00e9s au milieu du parc naturel de la Costa Vicentina, nos appartements se trouvent \u00e0 100 m de la plage de Beliche.<br \/>\nTous ont vue sur la mer (totalement ou partiellement) et disposent du WIFI et d'une place de parking.<br \/>\nPendant votre s\u00e9jour, Helena et Jean-Louis qui vivent sur place, vous informerons sur les activit\u00e9s : spot de surf, promenades, safari photo, observation de la faune et flore.<br \/>\nLocation sur place de mat\u00e9riel nautique (planche de surf, planche de paddle, body board, combinaison).<\/p>\n<\/div>\n<\/div><\/div><\/div><\/div><\/div><div id=\"pg-260-2\"  class=\"panel-grid panel-has-style\" ><div class=\"panel-row-style panel-row-style-for-260-2\" ><div id=\"pgc-260-2-0\"  class=\"panel-grid-cell\" ><div id=\"panel-260-2-0-0\" class=\"so-panel widget widget_themegrill_flash_heading tg-widget section-title-wrapper panel-first-child panel-last-child\" data-index=\"3\" >\t<h3 class=\"section-title\">R\u00e9servez d\u00e8s maintenant votre appartement!<\/h3>\n<\/div><\/div><\/div><\/div><div id=\"pg-260-3\"  class=\"panel-grid panel-has-style\" ><div id=\"reserv\" class=\"panel-row-style panel-row-style-for-260-3\" ><div id=\"pgc-260-3-0\"  class=\"panel-grid-cell panel-grid-cell-empty\" ><\/div><div id=\"pgc-260-3-1\"  class=\"panel-grid-cell panel-grid-cell-mobile-last\" ><div id=\"panel-260-3-1-0\" class=\"so-panel widget widget_sow-editor panel-first-child panel-last-child\" data-index=\"4\" ><div\n\t\t\t\n\t\t\tclass=\"so-widget-sow-editor so-widget-sow-editor-base\"\n\t\t\t\n\t\t>\n<div class=\"siteorigin-widget-tinymce textwidget\">\n\t<div class=\"everest-forms\"><div class=\"evf-container default\" id=\"evf-2272\"><form id=\"evf-form-2272\" class=\"everest-form\" data-formid=\"2272\" data-ajax_submission=\"0\" data-keyboard_friendly_form=\"0\" data-form_state_type=\"\" method=\"post\" enctype=\"multipart\/form-data\" action=\"\/fr\/wp-json\/wp\/v2\/pages\/260\"><div class=\"evf-field-container\"><input type=\"hidden\" id=\"_wpnonce2272\" name=\"_wpnonce2272\" value=\"773c3fc8f5\" \/><input type=\"hidden\" name=\"_wp_http_referer\" value=\"\/fr\/wp-json\/wp\/v2\/pages\/260\" \/><div class=\"evf-frontend-row\" data-row=\"row_1\" conditional_rules=\"[]\"><div class=\"evf-frontend-grid evf-grid-2\" data-grid=\"grid_1\"><div id=\"evf-2272-field_fullname-container\" class=\"evf-field evf-field-text form-row validate-required\" data-required-field-message=\"This field is required.\" data-field-id=\"fullname\"><label class=\"evf-field-label\" for=\"evf-2272-field_fullname\"><span class=\"evf-label\">Pr\u00e9nom<\/span> <abbr class=\"required\" title=\"N\u00e9cessaire\">*<\/abbr><\/label><input type=\"text\" id=\"evf-2272-field_fullname\" class=\"input-text\" name=\"everest_forms[form_fields][fullname]\" required><\/div><\/div><div class=\"evf-frontend-grid evf-grid-2\" data-grid=\"grid_2\"><div id=\"evf-2272-field_ytOU3q78jj-3-container\" class=\"evf-field evf-field-text form-row validate-required\" data-required-field-message=\"This field is required.\" data-field-id=\"ytOU3q78jj-3\"><label class=\"evf-field-label\" for=\"evf-2272-field_ytOU3q78jj-3\"><span class=\"evf-label\">Nom<\/span> <abbr class=\"required\" title=\"N\u00e9cessaire\">*<\/abbr><\/label><input type=\"text\" id=\"evf-2272-field_ytOU3q78jj-3\" class=\"input-text\" name=\"everest_forms[form_fields][ytOU3q78jj-3]\" required><\/div><\/div><\/div><div class=\"evf-frontend-row\" data-row=\"row_5\" conditional_rules=\"[]\"><div class=\"evf-frontend-grid evf-grid-2\" data-grid=\"grid_1\"><div id=\"evf-2272-field_email-container\" class=\"evf-field evf-field-email form-row validate-required validate-email\" data-required-field-message=\"Please enter a valid email address.\" data-field-id=\"email\"><label class=\"evf-field-label\" for=\"evf-2272-field_email\"><span class=\"evf-label\">Email<\/span> <abbr class=\"required\" title=\"N\u00e9cessaire\">*<\/abbr><\/label><input type=\"email\" id=\"evf-2272-field_email\" class=\"input-text\" name=\"everest_forms[form_fields][email]\" required ><\/div><\/div><div class=\"evf-frontend-grid evf-grid-2\" data-grid=\"grid_2\"><div id=\"evf-2272-field_Ij1EhlEKVD-1-container\" class=\"evf-field evf-field-text form-row validate-required\" data-required-field-message=\"This field is required.\" data-field-id=\"Ij1EhlEKVD-1\"><label class=\"evf-field-label\" for=\"evf-2272-field_Ij1EhlEKVD-1\"><span class=\"evf-label\">T\u00e9l\u00e9phone<\/span> <abbr class=\"required\" title=\"N\u00e9cessaire\">*<\/abbr><\/label><input type=\"text\" id=\"evf-2272-field_Ij1EhlEKVD-1\" class=\"input-text\" name=\"everest_forms[form_fields][Ij1EhlEKVD-1]\" required><\/div><\/div><\/div><div class=\"evf-frontend-row\" data-row=\"row_4\" conditional_rules=\"[]\"><div class=\"evf-frontend-grid evf-grid-2\" data-grid=\"grid_1\"><div id=\"evf-2272-field_QvTCqxFlPy-2-container\" class=\"evf-field evf-field-date-time form-row validate-required\" data-required-field-message=\"This field is required.\" data-field-id=\"QvTCqxFlPy-2\"><label class=\"evf-field-label\" for=\"evf-2272-field_QvTCqxFlPy-2\"><span class=\"evf-label\">Arriv\u00e9e \/ D\u00e9part<\/span> <abbr class=\"required\" title=\"N\u00e9cessaire\">*<\/abbr><\/label><input type=\"text\" id=\"evf-2272-field_QvTCqxFlPy-2\" class=\"flatpickr-field input-text\" name=\"everest_forms[form_fields][QvTCqxFlPy-2]\" data-time-interval=\"15\" data-date-time=\"date\" data-mode=\"range\" data-locale=\"fr\" data-date-format=\"d\/m\/Y\" required ><\/div><\/div><div class=\"evf-frontend-grid evf-grid-2\" data-grid=\"grid_2\"><\/div><\/div><div class=\"evf-frontend-row\" data-row=\"row_3\" conditional_rules=\"[]\"><div class=\"evf-frontend-grid evf-grid-2\" data-grid=\"grid_1\"><div id=\"evf-2272-field_IHO54Kg1JG-5-container\" class=\"evf-field evf-field-select form-row validate-required\" data-required-field-message=\"This field is required.\" data-field-id=\"IHO54Kg1JG-5\"><label class=\"evf-field-label\" for=\"evf-2272-field_IHO54Kg1JG-5\"><span class=\"evf-label\">Appartement<\/span> <abbr class=\"required\" title=\"N\u00e9cessaire\">*<\/abbr><\/label><select id=\"evf-2272-field_IHO54Kg1JG-5\" class=\"input-text evf-field-required\" name=\"everest_forms[form_fields][IHO54Kg1JG-5]\" required=\"required\" ><option value=\"\" class=\"placeholder\" disabled  selected='selected'>Choisissez votre appartement<\/option><option value=\"ZEN\" >ZEN<\/option><option value=\"WAZA\" >WAZA<\/option><\/select><\/div><\/div><div class=\"evf-frontend-grid evf-grid-2\" data-grid=\"grid_2\"><div id=\"evf-2272-field_qOlX9gvkfd-7-container\" class=\"evf-field evf-field-select form-row validate-required\" data-required-field-message=\"This field is required.\" data-field-id=\"qOlX9gvkfd-7\"><label class=\"evf-field-label\" for=\"evf-2272-field_qOlX9gvkfd-7\"><span class=\"evf-label\">Nombre de personnes<\/span> <abbr class=\"required\" title=\"N\u00e9cessaire\">*<\/abbr><\/label><select id=\"evf-2272-field_qOlX9gvkfd-7\" class=\"input-text evf-field-required\" name=\"everest_forms[form_fields][qOlX9gvkfd-7]\" required=\"required\" ><option value=\"1\" >1<\/option><option value=\"2\" >2<\/option><option value=\"3\" >3<\/option><option value=\"4\" >4<\/option><\/select><\/div><\/div><\/div><div class=\"evf-frontend-row\" data-row=\"row_2\" conditional_rules=\"[]\"><div class=\"evf-frontend-grid evf-grid-1\" data-grid=\"grid_1\"><div id=\"evf-2272-field_message-container\" class=\"evf-field evf-field-textarea form-row\" data-field-id=\"message\"><label class=\"evf-field-label\" for=\"evf-2272-field_message\"><span class=\"evf-label\">Informations compl\u00e9mentaires<\/span> <\/label><textarea id=\"evf-2272-field_message\" class=\"input-text\" name=\"everest_forms[form_fields][message]\"  ><\/textarea><\/div><\/div><\/div><\/div><div class=\"evf-honeypot-container evf-field-hp\"><label for=\"evf-2272-field-hp\" class=\"evf-field-label\">Message<\/label><input type=\"text\" name=\"everest_forms[hp]\" id=\"evf-2272-field-hp\" class=\"input-text\"><\/div><div class=\"evf-submit-container \" ><input type=\"hidden\" name=\"everest_forms[id]\" value=\"2272\"><input type=\"hidden\" name=\"everest_forms[author]\" value=\"1\"><button type='submit' name='everest_forms[submit]' class='everest-forms-submit-button button evf-submit ' id='evf-submit-2272' value='evf-submit' data-process-text=\"Processing\u2026\" conditional_rules='&quot;&quot;' conditional_id='evf-submit-2272'  id=\"evf-submit-2272\" aria-live=\"assertive\">R\u00c9SERVER<\/button><\/div><\/form><\/div><!-- .evf-container --><\/div>\n<\/div>\n<\/div><\/div><\/div><div id=\"pgc-260-3-2\"  class=\"panel-grid-cell panel-grid-cell-empty\" ><\/div><\/div><\/div><div id=\"pg-260-4\"  class=\"panel-grid panel-has-style\" ><div class=\"siteorigin-panels-stretch panel-row-style panel-row-style-for-260-4\" data-stretch-type=\"full\" ><div id=\"pgc-260-4-0\"  class=\"panel-grid-cell\" ><div id=\"panel-260-4-0-0\" class=\"so-panel widget widget_themegrill_flash_heading tg-widget section-title-wrapper panel-first-child\" data-index=\"5\" >\t<h3 class=\"section-title\">T\u00c9MOIGNAGES<\/h3>\n<\/div><div id=\"panel-260-4-0-1\" class=\"so-panel widget widget_themegrill_flash_testimonial tg-section testimonial-section panel-last-child\" data-index=\"6\" ><div class=\"tg-testimonial-widget\">\n\t<div class=\"testimonial-container swiper-container\">\n\t\t<div class=\"testimonial-wrapper swiper-wrapper\">\n\t\t\t\t\t\t<div class=\"testimonial-slide swiper-slide\">\n\t\t\t\t<div class=\"testimonial-content-wrapper\">\n\t\t\t\t\t<div class=\"testimonial-icon\"><i class=\"fa fa-quote-left\"><\/i> <\/div>\n\t\t\t\t\t\t\t\t\t\t<div class=\"testimonial-content\">We loved staying at this apartment! Jean-Louis and Helena are charming and welcoming hosts. The apartment has everything you need for a good and relaxing vacation. There is even a mosquito net. A really beautiful beach is right across the street and you can even see the ocean from the window. We also did a SUP tour with Jean-Louis, which was amazing! We totally recommend staying here! \ud83d\ude42<\/div>\n\t\t\t\t\t\t\t\t\t<\/div>\n\t\t\t\t<div class=\"testimonial-client-detail\">\n\t\t\t\t\t\t\t\t\t\t<div class=\"testimonial-img\"><img decoding=\"async\" src=\"https:\/\/supsagres.com\/wp-content\/uploads\/2020\/04\/N3-HILMA.jpg\" alt=\"Hilma\" \/><\/div>\n\t\t\t\t\t\t\t\t\t\t<div class=\"client-detail-block\">\n\t\t\t\t\t\t\t\t\t\t\t\t<h3 class=\"testimonial-title\">Hilma<\/h3>\n\t\t\t\t\t\t\t\t\t\t\t\t\t\t\t\t\t<\/div>\n\t\t\t\t<\/div>\n\t\t\t<\/div>\n\t\t\t\t\t\t<div class=\"testimonial-slide swiper-slide\">\n\t\t\t\t<div class=\"testimonial-content-wrapper\">\n\t\t\t\t\t<div class=\"testimonial-icon\"><i class=\"fa fa-quote-left\"><\/i> <\/div>\n\t\t\t\t\t\t\t\t\t\t<div class=\"testimonial-content\">Had a great stay here, the apartment is huge &amp; had everything we needed. The beach is right across the road which makes things very convenient. Jean-Louis recommended surf locations by day, which was good because we don't really know the area &amp; he understands the different beaches well. We are planning to stay here next time if it's available.\n<\/div>\n\t\t\t\t\t\t\t\t\t<\/div>\n\t\t\t\t<div class=\"testimonial-client-detail\">\n\t\t\t\t\t\t\t\t\t\t<div class=\"testimonial-img\"><img decoding=\"async\" src=\"https:\/\/supsagres.com\/wp-content\/uploads\/2020\/04\/N5-Claudia.jpg\" alt=\"Claudia \" \/><\/div>\n\t\t\t\t\t\t\t\t\t\t<div class=\"client-detail-block\">\n\t\t\t\t\t\t\t\t\t\t\t\t<h3 class=\"testimonial-title\">Claudia <\/h3>\n\t\t\t\t\t\t\t\t\t\t\t\t\t\t\t\t\t<\/div>\n\t\t\t\t<\/div>\n\t\t\t<\/div>\n\t\t\t\t\t\t<div class=\"testimonial-slide swiper-slide\">\n\t\t\t\t<div class=\"testimonial-content-wrapper\">\n\t\t\t\t\t<div class=\"testimonial-icon\"><i class=\"fa fa-quote-left\"><\/i> <\/div>\n\t\t\t\t\t\t\t\t\t\t<div class=\"testimonial-content\">Jean-Louis und seine Frau waren sehr nett und hilfsbereit und vor allem auch zu jeder Zeit ansprechbar. Die Wohnung war wie auf den Bildern sehr gepflegt und ordentlich und hatte einen sehr sch\u00f6nen Ausblick vom Balkon, einfach traumhaft!!! Gerne wieder.<\/div>\n\t\t\t\t\t\t\t\t\t<\/div>\n\t\t\t\t<div class=\"testimonial-client-detail\">\n\t\t\t\t\t\t\t\t\t\t<div class=\"testimonial-img\"><img decoding=\"async\" src=\"https:\/\/supsagres.com\/wp-content\/uploads\/2020\/04\/N6-Anthony-.jpg\" alt=\"Anthony \" \/><\/div>\n\t\t\t\t\t\t\t\t\t\t<div class=\"client-detail-block\">\n\t\t\t\t\t\t\t\t\t\t\t\t<h3 class=\"testimonial-title\">Anthony <\/h3>\n\t\t\t\t\t\t\t\t\t\t\t\t\t\t\t\t\t<\/div>\n\t\t\t\t<\/div>\n\t\t\t<\/div>\n\t\t\t\t\t\t<div class=\"testimonial-slide swiper-slide\">\n\t\t\t\t<div class=\"testimonial-content-wrapper\">\n\t\t\t\t\t<div class=\"testimonial-icon\"><i class=\"fa fa-quote-left\"><\/i> <\/div>\n\t\t\t\t\t\t\t\t\t\t<div class=\"testimonial-content\">L\u00b4appartement est parfaitement situ\u00e9, en face de la plage de Beliche, \u00e0 deux minutes en voiture de Sagres et de toutes les plages pour surfer \ud83d\ude42 Helena et Jean-Louis \u00e9taient de tr\u00e8s bons conseils pour tout notre s\u00e9jour. Juste en dessous de l\u2019appartement, un petit resto sympathique. Nous avons pass\u00e9 un merveilleux s\u00e9jour, on esp\u00e8re pouvoir y revenir tr\u00e8s vite !\n<\/div>\n\t\t\t\t\t\t\t\t\t<\/div>\n\t\t\t\t<div class=\"testimonial-client-detail\">\n\t\t\t\t\t\t\t\t\t\t<div class=\"testimonial-img\"><img decoding=\"async\" src=\"https:\/\/supsagres.com\/wp-content\/uploads\/2020\/04\/N7-Claire.jpg\" alt=\"Claire\" \/><\/div>\n\t\t\t\t\t\t\t\t\t\t<div class=\"client-detail-block\">\n\t\t\t\t\t\t\t\t\t\t\t\t<h3 class=\"testimonial-title\">Claire<\/h3>\n\t\t\t\t\t\t\t\t\t\t\t\t\t\t\t\t\t<\/div>\n\t\t\t\t<\/div>\n\t\t\t<\/div>\n\t\t\t\t\t<\/div>\n\t\t<div class=\"swiper-pagination testimonial-pager\"><\/div>\n\t<\/div>\n<\/div>\n<\/div><\/div><\/div><\/div><\/div>","protected":false},"excerpt":{"rendered":"<p>Situ\u00e9s au milieu du parc naturel de la Costa Vicentina, nos appartements se trouvent \u00e0 100 m de la plage [&hellip;]<\/p>\n","protected":false},"author":1,"featured_media":0,"parent":0,"menu_order":0,"comment_status":"closed","ping_status":"closed","template":"page-templates\/full-width.php","meta":{"footnotes":""},"class_list":["post-260","page","type-page","status-publish","hentry"],"_links":{"self":[{"href":"https:\/\/supsagres.com\/fr\/wp-json\/wp\/v2\/pages\/260","targetHints":{"allow":["GET"]}}],"collection":[{"href":"https:\/\/supsagres.com\/fr\/wp-json\/wp\/v2\/pages"}],"about":[{"href":"https:\/\/supsagres.com\/fr\/wp-json\/wp\/v2\/types\/page"}],"author":[{"embeddable":true,"href":"https:\/\/supsagres.com\/fr\/wp-json\/wp\/v2\/users\/1"}],"replies":[{"embeddable":true,"href":"https:\/\/supsagres.com\/fr\/wp-json\/wp\/v2\/comments?post=260"}],"version-history":[{"count":136,"href":"https:\/\/supsagres.com\/fr\/wp-json\/wp\/v2\/pages\/260\/revisions"}],"predecessor-version":[{"id":2547,"href":"https:\/\/supsagres.com\/fr\/wp-json\/wp\/v2\/pages\/260\/revisions\/2547"}],"wp:attachment":[{"href":"https:\/\/supsagres.com\/fr\/wp-json\/wp\/v2\/media?parent=260"}],"curies":[{"name":"wp","href":"https:\/\/api.w.org\/{rel}","templated":true}]}}